{"id":1854,"date":"2025-04-05T14:42:08","date_gmt":"2025-04-05T06:42:08","guid":{"rendered":"https:\/\/www.smmarbleinlay.com\/?post_type=product&#038;p=1854"},"modified":"2025-04-09T16:59:40","modified_gmt":"2025-04-09T08:59:40","slug":"marble-inlay-floor-modern-design-with-bold-geometric-patterns","status":"publish","type":"product","link":"https:\/\/www.smmarbleinlay.com\/fr\/produit\/marble-inlay-floor-modern-design-with-bold-geometric-patterns\/","title":{"rendered":"Sol en marqueterie de marbre Design moderne avec motifs g\u00e9om\u00e9triques audacieux"},"content":{"rendered":"<h2>Sol moderne en marqueterie de marbre - Motif Pietra Dure<\/h2>\n<p>Le sol en marqueterie de marbre au design moderne avec un motif g\u00e9om\u00e9trique audacieux pr\u00e9sente un motif g\u00e9om\u00e9trique moderne frappant qui combine des lignes \u00e9pur\u00e9es et des angles vifs.<\/p>\n<p>Le sol en marqueterie de marbre au design moderne utilise la marqueterie de marbre pour cr\u00e9er une s\u00e9rie de carr\u00e9s qui se chevauchent, ce qui donne un effet visuel audacieux et dynamique.<\/p>\n<p>Ce sol en marqueterie de marbre au design moderne et aux motifs g\u00e9om\u00e9triques audacieux offre un aspect \u00e9l\u00e9gant et sophistiqu\u00e9 qui rehausse le design de n'importe quel espace.<\/p>\n<h2>Incrustation de marbre et coordination des couleurs - Audacieux et \u00e9l\u00e9gant<\/h2>\n<p>Le sol en marqueterie de marbre au design moderne utilise une palette de couleurs tr\u00e8s contrast\u00e9es de noir et de blanc, ce qui ajoute \u00e0 l'effet dramatique du sol.<\/p>\n<p>L'alternance de lignes pleines et de lignes ray\u00e9es renforce l'attrait contemporain, tandis que la texture naturelle du marbre ajoute de la profondeur et de l'\u00e9l\u00e9gance au motif.<\/p>\n<p>Cette combinaison de couleurs et de motifs g\u00e9om\u00e9triques audacieux rend le design polyvalent et parfait pour les int\u00e9rieurs modernes.<\/p>\n<h2>Application - Parfait pour les int\u00e9rieurs \u00e9l\u00e9gants<\/h2>\n<p>Ce m\u00e9daillon en marbre est id\u00e9al pour une vari\u00e9t\u00e9 d'espaces haut de gamme, y compris les salons contemporains, les halls d'entr\u00e9e haut de gamme et les bureaux \u00e9l\u00e9gants.<\/p>\n<p>Le contraste audacieux et le motif frappant en font une pi\u00e8ce de choix, ajoutant une atmosph\u00e8re sophistiqu\u00e9e et chic \u00e0 n'importe quel environnement.<\/p>","protected":false},"excerpt":{"rendered":"<p>Rev\u00eatement de sol moderne en marqueterie de marbre<\/p>\n<p><strong>Num\u00e9ro d'article : <\/strong>FLM4G009<\/p>\n<p><strong>Mat\u00e9riau :<\/strong>\u00a0Mable, pierre pr\u00e9cieuse. (les mat\u00e9riaux peuvent \u00eatre personnalis\u00e9s)<\/p>\n<p><strong>Taille :<\/strong>\u00a0Taille sur mesure<\/p>\n<p><strong>Conception :<\/strong>\u00a0Mod\u00e8les standard ou personnalis\u00e9s<\/p>\n<p><strong>Application :<\/strong>\u00a0Villas et maisons de luxe, h\u00f4tels et centres de vill\u00e9giature, espaces commerciaux,<\/p>\n<p>Espaces publics, escaliers et couloirs, entr\u00e9es et foyers, sols en Pietra Dura Art,<\/p>\n<p>Clubs haut de gamme et clubs priv\u00e9s, salles d'exposition,<\/p>\n<p>Boutiques, mus\u00e9e, \u00e9glise, mosqu\u00e9e, etc.<\/p>","protected":false},"featured_media":1855,"template":"","meta":{"_joinchat":[]},"product_brand":[],"product_cat":[21],"product_tag":[],"class_list":{"0":"post-1854","1":"product","2":"type-product","3":"status-publish","4":"has-post-thumbnail","6":"product_cat-contemporary-marble-inlay-flooring","8":"first","9":"instock","10":"shipping-taxable","11":"product-type-simple"},"_links":{"self":[{"href":"https:\/\/www.smmarbleinlay.com\/fr\/wp-json\/wp\/v2\/product\/1854","targetHints":{"allow":["GET"]}}],"collection":[{"href":"https:\/\/www.smmarbleinlay.com\/fr\/wp-json\/wp\/v2\/product"}],"about":[{"href":"https:\/\/www.smmarbleinlay.com\/fr\/wp-json\/wp\/v2\/types\/product"}],"wp:featuredmedia":[{"embeddable":true,"href":"https:\/\/www.smmarbleinlay.com\/fr\/wp-json\/wp\/v2\/media\/1855"}],"wp:attachment":[{"href":"https:\/\/www.smmarbleinlay.com\/fr\/wp-json\/wp\/v2\/media?parent=1854"}],"wp:term":[{"taxonomy":"product_brand","embeddable":true,"href":"https:\/\/www.smmarbleinlay.com\/fr\/wp-json\/wp\/v2\/product_brand?post=1854"},{"taxonomy":"product_cat","embeddable":true,"href":"https:\/\/www.smmarbleinlay.com\/fr\/wp-json\/wp\/v2\/product_cat?post=1854"},{"taxonomy":"product_tag","embeddable":true,"href":"https:\/\/www.smmarbleinlay.com\/fr\/wp-json\/wp\/v2\/product_tag?post=1854"}],"curies":[{"name":"wp","href":"https:\/\/api.w.org\/{rel}","templated":true}]}}