{"id":1857,"date":"2025-04-05T14:51:04","date_gmt":"2025-04-05T06:51:04","guid":{"rendered":"https:\/\/www.smmarbleinlay.com\/?post_type=product&#038;p=1857"},"modified":"2025-04-09T16:55:27","modified_gmt":"2025-04-09T08:55:27","slug":"marble-flooring-contemporary-inlaid-marble-floor-design","status":"publish","type":"product","link":"https:\/\/www.smmarbleinlay.com\/fr\/produit\/marble-flooring-contemporary-inlaid-marble-floor-design\/","title":{"rendered":"Sol en marbre Design contemporain du sol en marbre incrust\u00e9"},"content":{"rendered":"<h2>Design contemporain de sol en marbre incrust\u00e9 - M\u00e9daillons en marbre sur mesure<\/h2>\n<p>Ce sol en marbre \u00e0 incrustation contemporaine combine le luxe et l'art avec son motif g\u00e9om\u00e9trique complexe, apportant un aspect opulent et moderne \u00e0 n'importe quel sol.<\/p>\n<p>Le design utilise une combinaison de pi\u00e8ces de marbre vertes, roses et grises, encadr\u00e9es par de d\u00e9licates incrustations dor\u00e9es.<\/p>\n<p>Chaque segment de sol en marbre incrust\u00e9 forme une arche fluide, ce qui donne un effet visuellement harmonieux et \u00e9l\u00e9gant qui peut transformer n'importe quel espace en un lieu luxueux.<\/p>\n<h2>Incrustations de marbre - Harmonie des couleurs et savoir-faire artisanal<\/h2>\n<p>Le sol en marbre utilise une palette de couleurs \u00e0 la fois douces et vibrantes, m\u00ealant des verts terreux, des roses riches et des gris subtils.<\/p>\n<p>Les couleurs contrast\u00e9es du sol en marbre incrust\u00e9 s'associent pour cr\u00e9er un motif \u00e9quilibr\u00e9 et sophistiqu\u00e9.<\/p>\n<p>Les incrustations dor\u00e9es soulignent les courbes et les arcs, ajoutant une couche suppl\u00e9mentaire d'\u00e9l\u00e9gance et de raffinement au design du m\u00e9daillon en marbre du sol.<\/p>\n<p>La s\u00e9lection minutieuse des mat\u00e9riaux et la pr\u00e9cision de l'ex\u00e9cution mettent en valeur la v\u00e9ritable beaut\u00e9 de ce rev\u00eatement de sol en marbre sur mesure.<\/p>\n<h2>Rev\u00eatement de sol contemporain en marbre - Parfait pour les espaces haut de gamme<\/h2>\n<p>Ce m\u00e9daillon contemporain en marbre est parfait pour les int\u00e9rieurs luxueux tels que les salons haut de gamme, les halls d'entr\u00e9e des h\u00f4tels et les bureaux de direction.<\/p>\n<p>Ses d\u00e9tails exquis et son apparence \u00e9l\u00e9gante en font un choix id\u00e9al pour les espaces qui requi\u00e8rent une touche sophistiqu\u00e9e.<\/p>\n<p>Les designs en marbre sur mesure donnent de la profondeur et de la personnalit\u00e9 aux grandes surfaces, servant de point focal qui am\u00e9liore l'ambiance g\u00e9n\u00e9rale de l'environnement.<\/p>","protected":false},"excerpt":{"rendered":"<p>Rev\u00eatements de sol en marbre Design contemporain<\/p>\n<p><strong>Num\u00e9ro d'article : <\/strong>FLM4G010<\/p>\n<p><strong>Mat\u00e9riau :<\/strong>\u00a0Mable, pierre pr\u00e9cieuse. (Les mat\u00e9riaux utilis\u00e9s pour la conception du sol en marqueterie de marbre peuvent \u00eatre personnalis\u00e9s)<\/p>\n<p><strong>Taille :<\/strong>\u00a0Taille sur mesure (taille du dessin du sol en marqueterie de marbre)<\/p>\n<p><strong>Conception :<\/strong>\u00a0Plancher de marbre standard ou personnalis\u00e9<\/p>\n<p><strong>Application :<\/strong>\u00a0Villas et maisons de luxe, h\u00f4tels et centres de vill\u00e9giature, espaces commerciaux,<\/p>\n<p>Espaces publics, escaliers et couloirs, entr\u00e9es et foyers, sols en Pietra Dura Art,<\/p>\n<p>Clubs haut de gamme et clubs priv\u00e9s, salles d'exposition,<\/p>\n<p>Boutiques, mus\u00e9e, \u00e9glise, mosqu\u00e9e, etc.<\/p>","protected":false},"featured_media":1858,"template":"","meta":{"_joinchat":[]},"product_brand":[],"product_cat":[21],"product_tag":[],"class_list":{"0":"post-1857","1":"product","2":"type-product","3":"status-publish","4":"has-post-thumbnail","6":"product_cat-contemporary-marble-inlay-flooring","8":"first","9":"instock","10":"shipping-taxable","11":"product-type-simple"},"_links":{"self":[{"href":"https:\/\/www.smmarbleinlay.com\/fr\/wp-json\/wp\/v2\/product\/1857","targetHints":{"allow":["GET"]}}],"collection":[{"href":"https:\/\/www.smmarbleinlay.com\/fr\/wp-json\/wp\/v2\/product"}],"about":[{"href":"https:\/\/www.smmarbleinlay.com\/fr\/wp-json\/wp\/v2\/types\/product"}],"wp:featuredmedia":[{"embeddable":true,"href":"https:\/\/www.smmarbleinlay.com\/fr\/wp-json\/wp\/v2\/media\/1858"}],"wp:attachment":[{"href":"https:\/\/www.smmarbleinlay.com\/fr\/wp-json\/wp\/v2\/media?parent=1857"}],"wp:term":[{"taxonomy":"product_brand","embeddable":true,"href":"https:\/\/www.smmarbleinlay.com\/fr\/wp-json\/wp\/v2\/product_brand?post=1857"},{"taxonomy":"product_cat","embeddable":true,"href":"https:\/\/www.smmarbleinlay.com\/fr\/wp-json\/wp\/v2\/product_cat?post=1857"},{"taxonomy":"product_tag","embeddable":true,"href":"https:\/\/www.smmarbleinlay.com\/fr\/wp-json\/wp\/v2\/product_tag?post=1857"}],"curies":[{"name":"wp","href":"https:\/\/api.w.org\/{rel}","templated":true}]}}