{"id":2189,"date":"2025-05-21T16:00:43","date_gmt":"2025-05-21T08:00:43","guid":{"rendered":"https:\/\/www.smmarbleinlay.com\/?post_type=product&#038;p=2189"},"modified":"2025-05-20T15:16:33","modified_gmt":"2025-05-20T07:16:33","slug":"marble-inlay-floor-design-the-art-of-pietra-dure-in-minimalist-elegance","status":"publish","type":"product","link":"https:\/\/www.smmarbleinlay.com\/fr\/produit\/marble-inlay-floor-design-the-art-of-pietra-dure-in-minimalist-elegance\/","title":{"rendered":"Design des sols en marqueterie de marbre : L'art de la Pietra Dure dans l'\u00e9l\u00e9gance minimaliste"},"content":{"rendered":"<h2>Design du sol en marqueterie de marbre - Mat\u00e9riaux de premi\u00e8re qualit\u00e9 et artisanat de pr\u00e9cision<\/h2>\n<h2>-Une exp\u00e9rience luxueuse de rev\u00eatement de sol en marbre incrust\u00e9<\/h2>\n<p>Dans le monde des int\u00e9rieurs r\u00e9sidentiels et des villas haut de gamme, la conception des sols est plus que fonctionnelle - elle refl\u00e8te un style de vie raffin\u00e9.<\/p>\n<p>Ce sol en marqueterie de marbre de Stone Master incarne l'art classique de la Pietra dure, harmonisant les textures de marbre naturel avec la sym\u00e9trie g\u00e9om\u00e9trique pour cr\u00e9er une surface en marqueterie de marbre \u00e0 la fois minimale et luxueuse.<\/p>\n<p>Fabriqu\u00e9 \u00e0 partir de marbre blanc import\u00e9 d'Italie, le sol est rehauss\u00e9 de douces veines grises et de motifs m\u00e9ticuleusement taill\u00e9s.<\/p>\n<p>La pr\u00e9cision de ce processus d'incrustation du marbre am\u00e9liore \u00e0 la fois la beaut\u00e9 esth\u00e9tique et la durabilit\u00e9 \u00e0 long terme, positionnant ce produit comme une solution de premier ordre dans l'industrie du design en marbre.<\/p>\n<h2>Marble Inlay Floor Design Palettes de couleurs harmonis\u00e9es : Une philosophie gris-blanc dans la conception du marbre<\/h2>\n<p>En mati\u00e8re d'esth\u00e9tique des rev\u00eatements de sol en marqueterie de marbre, la coordination des couleurs est essentielle.<\/p>\n<p>Ce sol met l'accent sur une palette \u00e9pur\u00e9e de gris et de blanc, en utilisant des variations de tons pour cr\u00e9er une ambiance int\u00e9rieure sereine et contemporaine.<\/p>\n<p>La base blanche repr\u00e9sente la puret\u00e9 et la lumi\u00e8re, tandis que les subtiles veines grises ajoutent de la profondeur et de la structure.<\/p>\n<p>Les m\u00e9daillons de carreaux r\u00e9p\u00e9titifs, con\u00e7us avec une sym\u00e9trie g\u00e9om\u00e9trique parfaite, expriment discr\u00e8tement l'intensit\u00e9 artistique.<\/p>\n<p>Il r\u00e9pond aux attentes des minimalistes modernes en mati\u00e8re de sobri\u00e9t\u00e9 et d'\u00e9quilibre, tout en accordant une attention particuli\u00e8re aux d\u00e9tails et \u00e0 l'artisanat.<\/p>\n<h2>Marble Inlay Floor Design Pattern Detailing and Evolution : De la Pietra Dure aux m\u00e9daillons de carreaux modernes<\/h2>\n<p>Le motif de ce sol en marbre s'inspire de la technique traditionnelle de la Pietra dure, modernis\u00e9e par des motifs floraux et g\u00e9om\u00e9triques simplifi\u00e9s.<\/p>\n<p>Chaque unit\u00e9 de conception incarne le concept de \"cercles dans les carr\u00e9s et de fleurs dans la g\u00e9om\u00e9trie\", cr\u00e9ant ainsi une exp\u00e9rience visuelle en couches.<\/p>\n<p>Apr\u00e8s plusieurs cycles de polissage et d'affinage, le rev\u00eatement de sol en m\u00e9daillon offre un contraste et une profondeur visuels importants, s'adaptant parfaitement \u00e0 l'\u00e9clairage naturel et artificiel.<\/p>\n<p>Au-del\u00e0 de la d\u00e9coration, ces motifs ont une signification symbolique : ils repr\u00e9sentent l'harmonie, l'ordre et l'\u00e9quilibre, qui sont l'essence m\u00eame d'une d\u00e9coration int\u00e9rieure raffin\u00e9e.<\/p>\n<h2>Minimalisme et richesse : les m\u00e9daillons en marqueterie de marbre id\u00e9aux pour les int\u00e9rieurs contemporains<\/h2>\n<p>Avec l'essor de l'esth\u00e9tique moderne, le minimalisme est devenu un courant dominant.<\/p>\n<p>Cette incrustation de sol en marbre r\u00e9pond \u00e0 cette tendance en \u00e9liminant les couleurs superflues et les motifs complexes, pour se concentrer sur les textures et la g\u00e9om\u00e9trie de la surface.<\/p>\n<p>Qu'il soit utilis\u00e9 dans les salons de villa, les salles \u00e0 manger, les halls d'entr\u00e9e ou les transitions de couloir, le sol s'int\u00e8gre naturellement dans l'espace, attirant l'attention sans dominer le design.<\/p>\n<p>Les rev\u00eatements de sol en marbre incrust\u00e9 privil\u00e9gient l'harmonie spatiale et la beaut\u00e9 fonctionnelle.<\/p>\n<p>Ce produit illustre la philosophie de \"l'immobilit\u00e9 dans le mouvement et la structure dans le silence\", en proposant un langage de conception \u00e0 la fois fort et subtil.<\/p>\n<h2>Design des sols en marqueterie de marbre Application polyvalente : Un premier choix pour les villas, les clubs et les int\u00e9rieurs de luxe<\/h2>\n<p>Gr\u00e2ce \u00e0 ses mat\u00e9riaux en marbre de haute qualit\u00e9 et \u00e0 la souplesse de son agencement, ce m\u00e9daillon de carrelage convient parfaitement \u00e0 un large \u00e9ventail d'environnements luxueux :<\/p>\n<ul data-spread=\"false\">\n<li><strong>Entr\u00e9es des villas et grands foyers<\/strong>: L'utilisation de m\u00e9daillons de carreaux complexes renforce la premi\u00e8re impression.<\/li>\n<li><strong>H\u00f4tels et clubs priv\u00e9s<\/strong>: Cr\u00e9e un ton spatial serein et \u00e9l\u00e9gant.<\/li>\n<li><strong>Couloirs et halls d'ascenseurs de luxe<\/strong>: Ajoute une valeur esth\u00e9tique aux espaces de transition.<\/li>\n<li><strong>Salles d'exposition de luxe et magasins phares<\/strong>: Fonctionne comme une toile de fond luxueuse pour une image de marque haut de gamme.<\/li>\n<\/ul>\n<p>L'\u00e9quipe de conception de Stone Master offre une personnalisation compl\u00e8te en termes de dimensions, de couleurs et de motifs afin de garantir que chaque projet est unique et adapt\u00e9 \u00e0 l'espace.<\/p>\n<h2>Marble Inlay Floor Design Installation and Construction Guidelines (Lignes directrices pour l'installation et la construction d'un sol en marqueterie de marbre) : Obtenir l'effet de sol id\u00e9al<\/h2>\n<p>Pour garantir des performances optimales et un r\u00e9sultat esth\u00e9tique pour les rev\u00eatements de sol en marqueterie de marbre, nous recommandons ce qui suit :<\/p>\n<ul data-spread=\"false\">\n<li><strong>Pr\u00e9paration des surfaces planes<\/strong>: Les supports doivent \u00eatre plans et exempts de vides.<\/li>\n<li><strong>Installation professionnelle<\/strong>: R\u00e9alis\u00e9 par des entreprises de marbrerie exp\u00e9riment\u00e9es.<\/li>\n<li><strong>Alignement des motifs<\/strong>: Chaque section doit \u00eatre num\u00e9rot\u00e9e et pos\u00e9e selon le plan afin d'assurer une sym\u00e9trie parfaite.<\/li>\n<li><strong>Finition des bords<\/strong>: Il est recommand\u00e9 d'utiliser des bordures en marbre assorties pour une int\u00e9gration coh\u00e9rente.<\/li>\n<li><strong>Entretien quotidien simple<\/strong>: Nettoyer avec des produits au pH neutre et \u00e9viter les produits chimiques acides.<\/li>\n<\/ul>\n<h2>Marble Inlay Floor Design Conclusion : R\u00e9veiller l'espace par l'art, d\u00e9finir le go\u00fbt par le d\u00e9tail<\/h2>\n<p>Ce sol en marqueterie de marbre est plus qu'une surface - c'est une d\u00e9claration d'\u00e9l\u00e9gance et d'art de vivre. Il transforme chaque pas en une exp\u00e9rience visuelle, alliant savoir-faire artisanal et vision artistique. Les sols en marbre incrust\u00e9 de Stone Master red\u00e9finissent les limites de la conception des sols et de l'art du marbre, \u00e9tablissant une nouvelle norme pour les espaces int\u00e9rieurs de luxe.<\/p>\n<p>&nbsp;<\/p>","protected":false},"excerpt":{"rendered":"<p>Rev\u00eatement de sol en marqueterie de marbre Num\u00e9ro d'article : FLM4G014<\/p>\n<p>Mat\u00e9riau du marbre : Marbre, pierre pr\u00e9cieuse. (le mat\u00e9riau peut \u00eatre personnalis\u00e9)<\/p>\n<p>Taille de l'incrustation de marbre sur mesure : Taille sur mesure<\/p>\n<p>Design de marbre : Mod\u00e8les standard ou personnalis\u00e9s<\/p>\n<p>Application pour les espaces de luxe : Villas et maisons de luxe, h\u00f4tels et centres de vill\u00e9giature, espaces commerciaux,<\/p>\n<p>Espaces publics, escaliers et couloirs, entr\u00e9es et foyers,<\/p>\n<p>Clubs haut de gamme et clubs priv\u00e9s, salles d'exposition,<\/p>\n<p>Boutiques, mus\u00e9e, \u00e9glise, mosqu\u00e9e, etc.<\/p>","protected":false},"featured_media":2190,"template":"","meta":{"_joinchat":[]},"product_brand":[],"product_cat":[21],"product_tag":[],"class_list":{"0":"post-2189","1":"product","2":"type-product","3":"status-publish","4":"has-post-thumbnail","6":"product_cat-contemporary-marble-inlay-flooring","8":"first","9":"instock","10":"shipping-taxable","11":"product-type-simple"},"_links":{"self":[{"href":"https:\/\/www.smmarbleinlay.com\/fr\/wp-json\/wp\/v2\/product\/2189","targetHints":{"allow":["GET"]}}],"collection":[{"href":"https:\/\/www.smmarbleinlay.com\/fr\/wp-json\/wp\/v2\/product"}],"about":[{"href":"https:\/\/www.smmarbleinlay.com\/fr\/wp-json\/wp\/v2\/types\/product"}],"wp:featuredmedia":[{"embeddable":true,"href":"https:\/\/www.smmarbleinlay.com\/fr\/wp-json\/wp\/v2\/media\/2190"}],"wp:attachment":[{"href":"https:\/\/www.smmarbleinlay.com\/fr\/wp-json\/wp\/v2\/media?parent=2189"}],"wp:term":[{"taxonomy":"product_brand","embeddable":true,"href":"https:\/\/www.smmarbleinlay.com\/fr\/wp-json\/wp\/v2\/product_brand?post=2189"},{"taxonomy":"product_cat","embeddable":true,"href":"https:\/\/www.smmarbleinlay.com\/fr\/wp-json\/wp\/v2\/product_cat?post=2189"},{"taxonomy":"product_tag","embeddable":true,"href":"https:\/\/www.smmarbleinlay.com\/fr\/wp-json\/wp\/v2\/product_tag?post=2189"}],"curies":[{"name":"wp","href":"https:\/\/api.w.org\/{rel}","templated":true}]}}