{"id":2212,"date":"2025-06-09T15:47:48","date_gmt":"2025-06-09T07:47:48","guid":{"rendered":"https:\/\/www.smmarbleinlay.com\/?post_type=product&#038;p=2212"},"modified":"2025-06-09T15:47:48","modified_gmt":"2025-06-09T07:47:48","slug":"marble-inlay-royal-flooring-floor-medallions","status":"publish","type":"product","link":"https:\/\/www.smmarbleinlay.com\/fr\/produit\/marble-inlay-royal-flooring-floor-medallions\/","title":{"rendered":"Marbre Incrustation Royal Flooring M\u00e9daillons de sol"},"content":{"rendered":"<h2 data-start=\"300\" data-end=\"404\">Rev\u00eatements de sol royaux en marqueterie de marbre : Un chef-d'\u0153uvre de m\u00e9daillons de sol et de motifs de marbre personnalis\u00e9s<\/h2>\n<p data-start=\"406\" data-end=\"851\">Toute maison de luxe commence par des fondations extraordinaires.<br data-start=\"464\" data-end=\"467\" \/>Chez Stone Master, nous pensons que votre rev\u00eatement de sol doit refl\u00e9ter la grandeur et l'\u00e9l\u00e9gance de votre espace de vie.<br data-start=\"576\" data-end=\"579\" \/>Cette incrustation de marbre exquise est plus qu'un simple \u00e9l\u00e9ment d\u00e9coratif - c'est une c\u00e9l\u00e9bration de l'artisanat, de la beaut\u00e9 naturelle et de l'art sur mesure.<br data-start=\"727\" data-end=\"730\" \/>Fabriqu\u00e9 \u00e0 partir de mat\u00e9riaux de premi\u00e8re qualit\u00e9 et con\u00e7u avec une pr\u00e9cision exceptionnelle, il repr\u00e9sente le summum de l'innovation. <strong data-start=\"832\" data-end=\"850\">rev\u00eatement de sol royal<\/strong>.<\/p>\n<h2 data-start=\"853\" data-end=\"907\">Les mat\u00e9riaux nobles \u00e0 l'origine de notre design en marbre sur mesure<\/h2>\n<p data-start=\"909\" data-end=\"1105\">Le fondement de cette <strong data-start=\"932\" data-end=\"956\">conception de marbre sur mesure<\/strong> r\u00e9side dans la qualit\u00e9 in\u00e9gal\u00e9e de ses mat\u00e9riaux.<br data-start=\"1007\" data-end=\"1010\" \/>Chaque \u00e9l\u00e9ment du m\u00e9daillon de sol est soigneusement s\u00e9lectionn\u00e9 pour mettre en valeur l'art le plus raffin\u00e9 de la nature.<\/p>\n<p data-start=\"1107\" data-end=\"1393\">Nous utilisons un m\u00e9lange de marbre naturel, de pierres exotiques et de pierres pr\u00e9cieuses pour obtenir un aspect intemporel et royal.<br data-start=\"1219\" data-end=\"1222\" \/>Il s'agit notamment d'options luxueuses telles que le Calacatta italien, le Crema Marfil espagnol, l'onyx import\u00e9 et les pierres semi-pr\u00e9cieuses telles que le lapis-lazuli, la malachite et la nacre.<\/p>\n<p data-start=\"1395\" data-end=\"1601\">Ces mat\u00e9riaux naturels sont r\u00e9put\u00e9s pour leurs veines distinctives, la saturation de leurs couleurs et la richesse de leurs sensations tactiles.<br data-start=\"1513\" data-end=\"1516\" \/>Elles offrent une profondeur et une \u00e9l\u00e9gance que les surfaces synth\u00e9tiques ou imprim\u00e9es ne peuvent tout simplement pas \u00e9galer.<\/p>\n<p data-start=\"1603\" data-end=\"1753\">Les tons de terre, les cristaux scintillants et les veines fluides de ces pierres en font le support id\u00e9al pour la cr\u00e9ation d'objets sophistiqu\u00e9s. <strong data-start=\"1732\" data-end=\"1752\">m\u00e9daillons de sol<\/strong>.<\/p>\n<p data-start=\"1755\" data-end=\"2034\">Ce qui d\u00e9termine notre <strong data-start=\"1769\" data-end=\"1785\">incrustation de marbre<\/strong> est la fa\u00e7on dont ces pierres brutes sont tri\u00e9es et dispos\u00e9es pour mettre en valeur leurs textures naturelles.<br data-start=\"1884\" data-end=\"1887\" \/>Chaque tuile raconte l'histoire d'une merveille g\u00e9ologique et d'un savoir-faire artisanal, formant les \u00e9l\u00e9ments de base de l'\u00e9difice. <strong data-start=\"1982\" data-end=\"2000\">rev\u00eatement de sol royal<\/strong> qui s\u00e9duit sous tous les angles.<\/p>\n<h2 data-start=\"2036\" data-end=\"2091\">Marble Inlay Royal Flooring Floor Medallions Handcrafted Artistry : Incrustation de marbre faite avec passion<\/h2>\n<p data-start=\"2093\" data-end=\"2258\">Nos sols ne sont ni imprim\u00e9s ni peints.<br data-start=\"2136\" data-end=\"2139\" \/>Il s'agit d'un v\u00e9ritable <strong data-start=\"2152\" data-end=\"2168\">incrustation de marbre<\/strong>-M\u00e9ticuleusement fabriqu\u00e9s \u00e0 la main selon des techniques ancestrales transmises de g\u00e9n\u00e9ration en g\u00e9n\u00e9ration.<\/p>\n<p data-start=\"2260\" data-end=\"2578\">Le processus commence par la d\u00e9coupe de plaques de marbre naturel en formes pr\u00e9cises \u00e0 l'aide de la technologie du jet d'eau.<br data-start=\"2361\" data-end=\"2364\" \/>Des artisans qualifi\u00e9s assemblent ensuite ces formes comme un puzzle complexe, en pla\u00e7ant chaque pi\u00e8ce \u00e0 la main.<br data-start=\"2458\" data-end=\"2461\" \/>Le r\u00e9sultat est un <strong data-start=\"2477\" data-end=\"2501\">conception de marbre sur mesure<\/strong> qui est riche en d\u00e9tails, d'une ex\u00e9cution sans faille et absolument unique en son genre.<\/p>\n<p data-start=\"2580\" data-end=\"2791\">Chaque courbe et chaque fleur du motif est compos\u00e9e de nombreux petits morceaux de pierre.<br data-start=\"2663\" data-end=\"2666\" \/>Des \u00e9l\u00e9gantes volutes aux ornements floraux, chaque motif t\u00e9moigne de la ma\u00eetrise de l'artisan et de son souci du d\u00e9tail.<\/p>\n<p data-start=\"2793\" data-end=\"3044\">Nos artisans utilisent une combinaison de marbre, de granit, de pierre de luxe et de fragments de pierres pr\u00e9cieuses pour donner vie \u00e0 ces motifs complexes.<br data-start=\"2923\" data-end=\"2926\" \/>Leurs yeux exp\u00e9riment\u00e9s et leurs mains s\u00fbres veillent \u00e0 ce que chaque point de connexion soit invisible et que chaque transition de couleur se fasse en douceur.<\/p>\n<p data-start=\"3046\" data-end=\"3276\">Cette approche donne de la profondeur et du r\u00e9alisme \u00e0 la conception, cr\u00e9ant un impact visuel stup\u00e9fiant pour quiconque entre dans l'espace.<br data-start=\"3166\" data-end=\"3169\" \/>En choisissant Stone Master, vous ne choisissez pas seulement un fournisseur de services. <strong data-start=\"3226\" data-end=\"3245\">m\u00e9daillon de sol<\/strong>-Vous choisissez une \u0153uvre d'art.<\/p>\n<h2 data-start=\"3278\" data-end=\"3346\">Marble Inlay Royal Flooring Floor Medallions Pattern and Color : The Artful Design of This Custom Marble Design<\/h2>\n<p data-start=\"3348\" data-end=\"3569\">Le design est l'endroit o\u00f9 les mat\u00e9riaux et l'artisanat s'unissent en harmonie.<br data-start=\"3417\" data-end=\"3420\" \/>Le pr\u00e9sent <strong data-start=\"3425\" data-end=\"3444\">m\u00e9daillon de sol<\/strong> pr\u00e9sente une composition sym\u00e9trique centr\u00e9e sur une luxueuse rosette, entour\u00e9e de volutes \u00e9labor\u00e9es et d'accents floraux.<\/p>\n<p data-start=\"3571\" data-end=\"3811\">Le motif central ressemble \u00e0 une rose des vents ou \u00e0 une couronne, rayonnant de puissance, d'\u00e9quilibre et de grandeur.<br data-start=\"3665\" data-end=\"3668\" \/>Ce centre <strong data-start=\"3681\" data-end=\"3697\">incrustation de marbre<\/strong> est encadr\u00e9e par de multiples bordures ornementales, chacune comportant des \u00e9l\u00e9ments lin\u00e9aires et courbes qui ajoutent de la profondeur et de la structure.<\/p>\n<p data-start=\"3813\" data-end=\"4185\">La palette de couleurs est sophistiqu\u00e9e et polyvalente.<br data-start=\"3862\" data-end=\"3865\" \/>Le beige chaud sert de toile de fond, offrant une base \u00e0 la fois neutre et luxueuse.<br data-start=\"3941\" data-end=\"3944\" \/>Des accents de vert \u00e9meraude, de bleu royal et d'orange br\u00fbl\u00e9 sont tiss\u00e9s \u00e0 travers les motifs floraux et g\u00e9om\u00e9triques.<br data-start=\"4051\" data-end=\"4054\" \/>Cette palette raffin\u00e9e met non seulement en valeur les tons naturels de la pierre, mais conf\u00e8re \u00e9galement \u00e0 l'ensemble de la composition une impression de vivacit\u00e9 et de noblesse.<\/p>\n<p data-start=\"4187\" data-end=\"4399\">Le pr\u00e9sent <strong data-start=\"4192\" data-end=\"4216\">conception de marbre sur mesure<\/strong> s'accorde facilement avec les styles d'int\u00e9rieur classique, n\u00e9oclassique, moderne luxueux ou m\u00e9diterran\u00e9en.<br data-start=\"4317\" data-end=\"4320\" \/>Il constitue un point focal visuel et donne le ton \u00e0 l'ensemble de la d\u00e9coration de la pi\u00e8ce.<\/p>\n<p data-start=\"4401\" data-end=\"4569\">En r\u00e9sum\u00e9, les couleurs et les motifs de ce mod\u00e8le le font passer d'un sol d\u00e9coratif \u00e0 une d\u00e9claration de style de vie, d'\u00e9l\u00e9gance et de go\u00fbt. <strong data-start=\"4535\" data-end=\"4553\">rev\u00eatement de sol royal<\/strong> dans tous les sens du terme.<\/p>\n<h2 data-start=\"4571\" data-end=\"4625\">Sc\u00e9narios d'application id\u00e9aux pour ce rev\u00eatement de sol royal<\/h2>\n<p data-start=\"4627\" data-end=\"4777\">L'endroit o\u00f9 vous placez ce <strong data-start=\"4648\" data-end=\"4664\">incrustation de marbre<\/strong> est tout aussi important que la fa\u00e7on dont il est fabriqu\u00e9.<br data-start=\"4704\" data-end=\"4707\" \/>C'est dans les espaces grandioses, ouverts et prestigieux que l'on peut le mieux appr\u00e9cier son impact.<\/p>\n<h3 data-start=\"4779\" data-end=\"4812\">1. Foyer et halls d'entr\u00e9e<\/h3>\n<p data-start=\"4813\" data-end=\"5000\">Faites une premi\u00e8re impression \u00e0 couper le souffle avec cette <strong data-start=\"4860\" data-end=\"4879\">m\u00e9daillon de sol<\/strong> \u00e0 l'entr\u00e9e principale.<br data-start=\"4902\" data-end=\"4905\" \/>Les visiteurs seront accueillis par une \u00e9l\u00e9gance intemporelle et une grandeur raffin\u00e9e d\u00e8s qu'ils franchiront le seuil de l'\u00e9tablissement.<\/p>\n<h3 data-start=\"5002\" data-end=\"5034\">2. Salons et salles de s\u00e9jour<\/h3>\n<p data-start=\"5035\" data-end=\"5220\">Encadrez votre coin salon central avec ce design et transformez un espace conventionnel en un salon luxueux.<br data-start=\"5143\" data-end=\"5146\" \/>Il se marie \u00e0 merveille avec les lustres, les meubles en velours et les touches d'or.<\/p>\n<h3 data-start=\"5222\" data-end=\"5258\">3. Salles d'h\u00f4tel et salles de bal<\/h3>\n<p data-start=\"5259\" data-end=\"5431\">Rehausser les int\u00e9rieurs de l'h\u00f4tellerie avec un <strong data-start=\"5296\" data-end=\"5320\">conception de marbre sur mesure<\/strong> qui rayonne d'exclusivit\u00e9.<br data-start=\"5347\" data-end=\"5350\" \/>Cette pi\u00e8ce apporte une valeur ajout\u00e9e et un prestige imm\u00e9diats \u00e0 tout h\u00f4tel ou centre de vill\u00e9giature de luxe.<\/p>\n<h3 data-start=\"5433\" data-end=\"5472\">4. Salles \u00e0 manger et salles de banquet<\/h3>\n<p data-start=\"5473\" data-end=\"5588\">\u00c9levez le niveau de la salle \u00e0 manger formelle avec cette <strong data-start=\"5514\" data-end=\"5530\">incrustation de marbre<\/strong>Les membres de l'\u00e9quipe de l'h\u00f4tel ont \u00e9t\u00e9 form\u00e9s pour que chaque r\u00e9union ait l'impression d'\u00eatre une c\u00e9l\u00e9bration royale.<\/p>\n<h3 data-start=\"5590\" data-end=\"5626\">5. Couloirs et galeries<\/h3>\n<p data-start=\"5627\" data-end=\"5755\">Les longs couloirs et les pi\u00e8ces de style galerie b\u00e9n\u00e9ficient d'un \u00e9clairage central. <strong data-start=\"5686\" data-end=\"5706\">m\u00e9daillons de sol<\/strong> pour rompre la monotonie visuelle et ajouter de la sophistication.<\/p>\n<p data-start=\"5757\" data-end=\"5926\">Qu'il s'agisse d'une villa priv\u00e9e, d'un h\u00f4tel de charme, d'un si\u00e8ge social ou d'une propri\u00e9t\u00e9 de luxe, cette <strong data-start=\"5853\" data-end=\"5877\">conception de marbre sur mesure<\/strong> transforme les sols ordinaires en toiles vivantes.<\/p>\n<h2 data-start=\"5928\" data-end=\"5994\">Personnalisation sur mesure : Des m\u00e9daillons de sol sur mesure pour votre espace<\/h2>\n<p data-start=\"5996\" data-end=\"6150\">Chez Stone Master, nous savons que le v\u00e9ritable luxe r\u00e9side dans la personnalisation.<br data-start=\"6068\" data-end=\"6071\" \/>Chaque <strong data-start=\"6077\" data-end=\"6093\">incrustation de marbre<\/strong> que nous produisons peuvent \u00eatre adapt\u00e9s \u00e0 vos pr\u00e9f\u00e9rences uniques.<\/p>\n<p data-start=\"6152\" data-end=\"6200\">Nous offrons une flexibilit\u00e9 totale en mati\u00e8re de conception, y compris :<\/p>\n<h3 data-start=\"6202\" data-end=\"6229\">1. S\u00e9lection des mat\u00e9riaux<\/h3>\n<p data-start=\"6230\" data-end=\"6391\">Choisissez parmi une large palette de pierres, de gemmes et de m\u00e9taux de premi\u00e8re qualit\u00e9.<br data-start=\"6293\" data-end=\"6296\" \/>Nous vous guidons dans le choix de la pierre appropri\u00e9e en fonction de l'emplacement, de l'\u00e9clairage et du style architectural.<\/p>\n<h3 data-start=\"6393\" data-end=\"6428\">2. Ajustements de la taille et de la forme<\/h3>\n<p data-start=\"6429\" data-end=\"6600\">Le pr\u00e9sent <strong data-start=\"6434\" data-end=\"6453\">m\u00e9daillon de sol<\/strong> peut \u00eatre redimensionn\u00e9 pour convenir \u00e0 la fois aux grandes salles et aux espaces priv\u00e9s plus petits.<br data-start=\"6521\" data-end=\"6524\" \/>Nous proposons des dispositions carr\u00e9es, circulaires et rectangulaires pour s'adapter \u00e0 votre plan d'occupation des sols.<\/p>\n<h3 data-start=\"6602\" data-end=\"6630\">3. Personnalisation des couleurs<\/h3>\n<p data-start=\"6631\" data-end=\"6769\">Que vous pr\u00e9f\u00e9riez le beige et l'or classiques ou les monochromes et pastels modernes, nous pouvons adapter chaque ton \u00e0 la palette de votre int\u00e9rieur.<\/p>\n<h3 data-start=\"6771\" data-end=\"6802\">4. Personnalisation du design<\/h3>\n<p data-start=\"6803\" data-end=\"6951\">Incorporez des armoiries familiales, des initiales ou des motifs culturels.<br data-start=\"6859\" data-end=\"6862\" \/>Nous travaillons \u00e9galement avec des architectes d'int\u00e9rieur pour harmoniser les caract\u00e9ristiques architecturales et les styles th\u00e9matiques.<\/p>\n<h3 data-start=\"6953\" data-end=\"6982\">5. Service complet d'assistance<\/h3>\n<p data-start=\"6983\" data-end=\"7192\">De l'esquisse \u00e0 la pr\u00e9visualisation en 3D, en passant par la consultation pour l'installation, nous traitons chaque \u00e9tape avec professionnalisme.<br data-start=\"7093\" data-end=\"7096\" \/>Notre \u00e9quipe de conception collabore avec vous pour cr\u00e9er un produit unique en son genre. <strong data-start=\"7167\" data-end=\"7191\">conception de marbre sur mesure<\/strong>.<\/p>\n<p data-start=\"7194\" data-end=\"7344\">Cette flexibilit\u00e9 vous permet de cr\u00e9er non seulement un sol, mais aussi un h\u00e9ritage - un morceau de l'histoire de l'humanit\u00e9. <strong data-start=\"7274\" data-end=\"7292\">rev\u00eatement de sol royal<\/strong> qui refl\u00e8te votre vision, votre personnalit\u00e9 et vos valeurs.<\/p>\n<h2 data-start=\"7346\" data-end=\"7413\">Entretien et long\u00e9vit\u00e9 : Pr\u00e9server la beaut\u00e9 des incrustations de marbre<\/h2>\n<p data-start=\"7415\" data-end=\"7600\">Bien qu'ind\u00e9niablement luxueux, <strong data-start=\"7443\" data-end=\"7459\">incrustation de marbre<\/strong> est \u00e9galement une solution de rev\u00eatement de sol pratique lorsqu'il est correctement entretenu.<br data-start=\"7523\" data-end=\"7526\" \/>Voici quelques conseils pour garder votre <strong data-start=\"7558\" data-end=\"7582\">conception de marbre sur mesure<\/strong> sans faille :<\/p>\n<ul data-start=\"7602\" data-end=\"8018\">\n<li data-start=\"7602\" data-end=\"7702\">\n<p data-start=\"7604\" data-end=\"7702\"><strong data-start=\"7604\" data-end=\"7615\">Scellement<\/strong>: Nous appliquons des produits d'\u00e9tanch\u00e9it\u00e9 de qualit\u00e9 professionnelle pour prot\u00e9ger la pierre des taches et de l'humidit\u00e9.<\/p>\n<\/li>\n<li data-start=\"7703\" data-end=\"7810\">\n<p data-start=\"7705\" data-end=\"7810\"><strong data-start=\"7705\" data-end=\"7717\">Nettoyage<\/strong>: Utiliser un nettoyant pour marbre au pH neutre et un chiffon doux ou une serpilli\u00e8re. \u00c9vitez les produits acides ou abrasifs.<\/p>\n<\/li>\n<li data-start=\"7811\" data-end=\"7892\">\n<p data-start=\"7813\" data-end=\"7892\"><strong data-start=\"7813\" data-end=\"7826\">Polissage<\/strong>: Un polissage annuel permet de restaurer la brillance et d'\u00e9liminer les gravures de surface.<\/p>\n<\/li>\n<li data-start=\"7893\" data-end=\"8018\">\n<p data-start=\"7895\" data-end=\"8018\"><strong data-start=\"7895\" data-end=\"7909\">L'inspection<\/strong>: V\u00e9rifiez r\u00e9guli\u00e8rement que les lignes de coulis et les joints ne sont pas endommag\u00e9s ou us\u00e9s. Une r\u00e9paration rapide prolonge la dur\u00e9e de vie du sol.<\/p>\n<\/li>\n<\/ul>\n<p data-start=\"8020\" data-end=\"8107\">Avec un minimum de soins, cette <strong data-start=\"8044\" data-end=\"8063\">m\u00e9daillon de sol<\/strong> conservera son \u00e9l\u00e9gance pendant des g\u00e9n\u00e9rations.<\/p>\n<h2 data-start=\"8109\" data-end=\"8167\">Pourquoi choisir Stone Master pour vos projets d'incrustation de marbre ?<\/h2>\n<p data-start=\"8169\" data-end=\"8366\">Avec plus de 25 ans d'exp\u00e9rience, Stone Master est \u00e0 la pointe de la technologie. <strong data-start=\"8243\" data-end=\"8267\">conception de marbre sur mesure<\/strong>.<br data-start=\"8268\" data-end=\"8271\" \/>Nous avons r\u00e9alis\u00e9 des milliers de projets r\u00e9sidentiels et commerciaux d'incrustation de marbre dans le monde entier.<\/p>\n<p data-start=\"8368\" data-end=\"8390\">Nos points forts sont les suivants<\/p>\n<ul data-start=\"8392\" data-end=\"8792\">\n<li data-start=\"8392\" data-end=\"8495\">\n<p data-start=\"8394\" data-end=\"8495\"><strong data-start=\"8394\" data-end=\"8414\">Concepteurs experts<\/strong>: Des artistes novateurs qui ont le sens des proportions, de l'\u00e9l\u00e9gance et de l'intemporalit\u00e9.<\/p>\n<\/li>\n<li data-start=\"8496\" data-end=\"8594\">\n<p data-start=\"8498\" data-end=\"8594\"><strong data-start=\"8498\" data-end=\"8518\">Ma\u00eetres artisans<\/strong>: Ma\u00eetrise des techniques traditionnelles d'incrustation et des technologies modernes de d\u00e9coupe.<\/p>\n<\/li>\n<li data-start=\"8595\" data-end=\"8694\">\n<p data-start=\"8597\" data-end=\"8694\"><strong data-start=\"8597\" data-end=\"8617\">Logistique mondiale<\/strong>: Nous proposons un emballage s\u00e9curis\u00e9, une exp\u00e9dition dans le monde entier et des conseils d'installation.<\/p>\n<\/li>\n<li data-start=\"8695\" data-end=\"8792\">\n<p data-start=\"8697\" data-end=\"8792\"><strong data-start=\"8697\" data-end=\"8715\">L'orientation client<\/strong>: Nous croyons en la transparence, la communication et l'excellence \u00e0 chaque \u00e9tape.<\/p>\n<\/li>\n<\/ul>\n<p data-start=\"8794\" data-end=\"8937\">En choisissant Stone Master, vous choisissez plus qu'un produit.<br data-start=\"8860\" data-end=\"8863\" \/>Vous investissez dans une tradition de luxe, de pr\u00e9cision et de beaut\u00e9 durable.<\/p>\n<hr data-start=\"8939\" data-end=\"8942\" \/>\n<h2 data-start=\"8944\" data-end=\"8986\">Faites entrer l'art de l'incrustation de marbre dans votre maison d\u00e8s aujourd'hui<\/h2>\n<p data-start=\"8988\" data-end=\"9164\">Ce magnifique <strong data-start=\"9005\" data-end=\"9029\">conception de marbre sur mesure<\/strong> est une fusion de splendeur naturelle, d'art humain et de vie luxueuse.<br data-start=\"9097\" data-end=\"9100\" \/>C'est un sol qui ne se contente pas de soutenir votre espace, il le d\u00e9finit.<\/p>\n<p data-start=\"9166\" data-end=\"9453\">Qu'il s'agisse de r\u00e9am\u00e9nager une villa de luxe ou de construire un domaine historique, ce guide vous aidera \u00e0 trouver des solutions. <strong data-start=\"9242\" data-end=\"9258\">incrustation de marbre<\/strong> est l'expression parfaite d'un go\u00fbt raffin\u00e9.<br data-start=\"9302\" data-end=\"9305\" \/>D\u00e9couvrez l'\u00e9l\u00e9gance durable de <strong data-start=\"9340\" data-end=\"9358\">rev\u00eatement de sol royal<\/strong>.<br data-start=\"9359\" data-end=\"9362\" \/>Laissez vos sols raconter une histoire de tradition, de grandeur et de beaut\u00e9 intemporelle - avec Stone Master.<\/p>\n<p data-start=\"9455\" data-end=\"9538\">Contactez-nous d\u00e8s aujourd'hui pour commencer votre voyage dans le monde des <strong data-start=\"9512\" data-end=\"9537\">conception de marbre sur mesure<\/strong>.<\/p>","protected":false},"excerpt":{"rendered":"<p>Rev\u00eatement de sol en marqueterie de marbre Num\u00e9ro d'article : FL5H016<\/p>\n<p>Mat\u00e9riau du marbre : Marbre, pierre pr\u00e9cieuse. (le mat\u00e9riau peut \u00eatre personnalis\u00e9)<\/p>\n<p>Taille de l'incrustation de marbre sur mesure : Taille sur mesure<\/p>\n<p>Design de marbre : Mod\u00e8les standard ou personnalis\u00e9s<\/p>\n<p>Application pour les espaces de luxe : Villas et maisons de luxe, h\u00f4tels et centres de vill\u00e9giature, espaces commerciaux,<\/p>\n<p>Espaces publics, escaliers et couloirs, entr\u00e9es et foyers,<\/p>\n<p>Clubs haut de gamme et clubs priv\u00e9s, salles d'exposition,<\/p>\n<p>Boutiques, mus\u00e9e, \u00e9glise, mosqu\u00e9e, etc.<\/p>","protected":false},"featured_media":2213,"template":"","meta":{"_joinchat":[]},"product_brand":[],"product_cat":[20],"product_tag":[],"class_list":{"0":"post-2212","1":"product","2":"type-product","3":"status-publish","4":"has-post-thumbnail","6":"product_cat-classic-marble-inlay-flooring","8":"first","9":"instock","10":"shipping-taxable","11":"product-type-simple"},"_links":{"self":[{"href":"https:\/\/www.smmarbleinlay.com\/fr\/wp-json\/wp\/v2\/product\/2212","targetHints":{"allow":["GET"]}}],"collection":[{"href":"https:\/\/www.smmarbleinlay.com\/fr\/wp-json\/wp\/v2\/product"}],"about":[{"href":"https:\/\/www.smmarbleinlay.com\/fr\/wp-json\/wp\/v2\/types\/product"}],"wp:featuredmedia":[{"embeddable":true,"href":"https:\/\/www.smmarbleinlay.com\/fr\/wp-json\/wp\/v2\/media\/2213"}],"wp:attachment":[{"href":"https:\/\/www.smmarbleinlay.com\/fr\/wp-json\/wp\/v2\/media?parent=2212"}],"wp:term":[{"taxonomy":"product_brand","embeddable":true,"href":"https:\/\/www.smmarbleinlay.com\/fr\/wp-json\/wp\/v2\/product_brand?post=2212"},{"taxonomy":"product_cat","embeddable":true,"href":"https:\/\/www.smmarbleinlay.com\/fr\/wp-json\/wp\/v2\/product_cat?post=2212"},{"taxonomy":"product_tag","embeddable":true,"href":"https:\/\/www.smmarbleinlay.com\/fr\/wp-json\/wp\/v2\/product_tag?post=2212"}],"curies":[{"name":"wp","href":"https:\/\/api.w.org\/{rel}","templated":true}]}}