{"id":2260,"date":"2025-06-27T15:00:29","date_gmt":"2025-06-27T07:00:29","guid":{"rendered":"https:\/\/www.smmarbleinlay.com\/?post_type=product&#038;p=2260"},"modified":"2025-06-20T17:13:08","modified_gmt":"2025-06-20T09:13:08","slug":"marble-inlay-background-wall-decor-lotus-design-for-luxury-villas","status":"publish","type":"product","link":"https:\/\/www.smmarbleinlay.com\/fr\/produit\/marble-inlay-background-wall-decor-lotus-design-for-luxury-villas\/","title":{"rendered":"D\u00e9cor mural avec incrustation de marbre - Lotus Design pour villas de luxe"},"content":{"rendered":"<h2 data-start=\"367\" data-end=\"448\">D\u00e9coration murale avec incrustation de marbre et fond Lotus Design Painting<\/h2>\n<p data-start=\"450\" data-end=\"582\">Cette exquise <strong data-start=\"465\" data-end=\"497\">Mur d'arri\u00e8re-plan en marqueterie de marbre<\/strong> est une fusion intemporelle de la tradition artistique orientale et de l'artisanat de luxe occidental.<\/p>\n<p data-start=\"584\" data-end=\"725\">Inspir\u00e9 des peintures \u00e0 l'encre de Chine classiques, le motif du lotus est \u00e9l\u00e9gamment repr\u00e9sent\u00e9 \u00e0 l'aide de mat\u00e9riaux naturels. <strong data-start=\"699\" data-end=\"715\">style marbre<\/strong> textures.<\/p>\n<p data-start=\"727\" data-end=\"858\">Chaque pi\u00e8ce est une expression magistrale de <strong data-start=\"767\" data-end=\"788\">Pierre dure<\/strong> La beaut\u00e9 \u00e9th\u00e9r\u00e9e des fleurs, de l'eau et du mouvement est ainsi captur\u00e9e.<\/p>\n<p data-start=\"860\" data-end=\"989\">C'est l'accessoire id\u00e9al pour les villas de luxe, les manoirs, les appartements haut de gamme ou les h\u00f4tels design \u00e0 la recherche d'un \u00e9l\u00e9ment mural unique.<\/p>\n<p><iframe loading=\"lazy\" title=\"D\u00e9cor mural sur fond de marqueterie de marbre Peinture Lotus Design exquise sur fond de marqueterie de marbre\" width=\"1290\" height=\"726\" src=\"https:\/\/www.youtube.com\/embed\/oqryln1VKMs?feature=oembed\" frameborder=\"0\" allow=\"accelerometer; autoplay; clipboard-write; encrypted-media; gyroscope; picture-in-picture; web-share\" referrerpolicy=\"strict-origin-when-cross-origin\" allowfullscreen><\/iframe><\/p>\n<hr data-start=\"991\" data-end=\"994\" \/>\n<h2 data-start=\"996\" data-end=\"1056\">Un chef-d'\u0153uvre de la pierre Pietra Dura dans l'architecture moderne<\/h2>\n<p data-start=\"1058\" data-end=\"1164\">Le pr\u00e9sent <strong data-start=\"1063\" data-end=\"1090\">mur en pierre incrust\u00e9e de marbre<\/strong> transforme une peinture florale traditionnelle en une mosa\u00efque de pierre sophistiqu\u00e9e.<\/p>\n<p data-start=\"1166\" data-end=\"1293\">L'utilisation d'un <strong data-start=\"1182\" data-end=\"1198\">conception de l'incrustation<\/strong>Il reproduit les coups de pinceau du lavis d'encre \u00e0 travers la texture et l'ombrage du marbre naturel.<\/p>\n<p data-start=\"1295\" data-end=\"1442\">Il refl\u00e8te l'influence profonde de la <strong data-start=\"1329\" data-end=\"1358\">art et artisanat parchinkari<\/strong>Les compositions florales d\u00e9licates ont \u00e9t\u00e9 historiquement incrust\u00e9es dans les surfaces en pierre.<\/p>\n<p data-start=\"1444\" data-end=\"1590\">En associant l'\u00e9l\u00e9gance spirituelle des fleurs de lotus \u00e0 l'artisanat de pointe de la pierre, ce panneau \u00e9l\u00e8ve l'art mural au rang de luxe architectural.<\/p>\n<hr data-start=\"1592\" data-end=\"1595\" \/>\n<h3 data-start=\"1597\" data-end=\"1648\">Un m\u00e9lange sophistiqu\u00e9 de mat\u00e9riaux et de techniques<\/h3>\n<p data-start=\"1650\" data-end=\"1765\">Le pr\u00e9sent <strong data-start=\"1655\" data-end=\"1682\">Panneau mural \u00e0 incrustation de marbre<\/strong> est cr\u00e9\u00e9e gr\u00e2ce \u00e0 une approche m\u00e9ticuleuse de la <strong data-start=\"1713\" data-end=\"1727\">travaux d'incrustation<\/strong> en utilisant des morceaux de marbre fin taill\u00e9s \u00e0 la main.<\/p>\n<p data-start=\"1767\" data-end=\"1866\">Chaque veine et chaque p\u00e9tale sont taill\u00e9s dans diff\u00e9rents types de pierre afin de refl\u00e9ter de subtiles gradations de tons et de teintes.<\/p>\n<p data-start=\"1868\" data-end=\"1979\">Le contraste entre le gris fonc\u00e9, le blanc, le rose blush, le beige et le bleu cr\u00e9e un effet visuel \u00e0 la fois vif et tranquille.<\/p>\n<p data-start=\"1981\" data-end=\"2128\">Tous les mat\u00e9riaux sont s\u00e9lectionn\u00e9s \u00e0 partir de produits de haute qualit\u00e9 <strong data-start=\"2026\" data-end=\"2042\">style marbre<\/strong>La pierre calcaire est compos\u00e9e de marbre noir de qualit\u00e9 sup\u00e9rieure, de blanc de Carrare, de jade clair et de beige doux.<\/p>\n<p data-start=\"2130\" data-end=\"2233\">Il ne s'agit pas d'une image imprim\u00e9e, mais d'une v\u00e9ritable peinture sur pierre, r\u00e9alis\u00e9e avec pr\u00e9cision et dans un but artistique.<\/p>\n<hr data-start=\"2235\" data-end=\"2238\" \/>\n<h2 data-start=\"2240\" data-end=\"2292\">Id\u00e9al pour les murs de t\u00e9l\u00e9vision, les entr\u00e9es et les panneaux de couloir<\/h2>\n<p data-start=\"2294\" data-end=\"2392\">Le pr\u00e9sent <strong data-start=\"2299\" data-end=\"2331\">mur d'arri\u00e8re-plan en marqueterie de marbre<\/strong> est id\u00e9al pour \u00eatre plac\u00e9 derri\u00e8re les t\u00e9l\u00e9viseurs des villas de luxe.<\/p>\n<p data-start=\"2394\" data-end=\"2491\">Dans les entr\u00e9es ou les foyers, il cr\u00e9e une impression imm\u00e9diate de raffinement et de profondeur culturelle.<\/p>\n<p data-start=\"2493\" data-end=\"2606\">Lorsqu'il est utilis\u00e9 comme <strong data-start=\"2508\" data-end=\"2535\">mur en pierre incrust\u00e9e de marbre<\/strong> dans les couloirs, il apporte un rythme artistique et une fluidit\u00e9 aux espaces de transition.<\/p>\n<p data-start=\"2608\" data-end=\"2716\">Il rehausse \u00e9galement l'\u00e9l\u00e9gance des salles \u00e0 manger, cr\u00e9ant une ambiance calme et sophistiqu\u00e9e lors des r\u00e9unions.<\/p>\n<p data-start=\"2718\" data-end=\"2825\">Cette pi\u00e8ce \u00e9voque en douceur, mais avec force, les valeurs du patrimoine, de la beaut\u00e9 et de l'harmonie dans la d\u00e9coration d'int\u00e9rieur.<\/p>\n<hr data-start=\"2827\" data-end=\"2830\" \/>\n<h3 data-start=\"2832\" data-end=\"2874\">Esth\u00e9tique du lavage d'encre par incrustation<\/h3>\n<p data-start=\"2876\" data-end=\"2976\">Inspir\u00e9 des peintures \u00e0 l'encre classiques chinoises, le motif du lotus \u00e9voque le calme po\u00e9tique et la vitalit\u00e9.<\/p>\n<p data-start=\"2978\" data-end=\"3068\">L'utilisation de <strong data-start=\"2989\" data-end=\"3003\">travaux d'incrustation<\/strong> La r\u00e9alisation de ce niveau de d\u00e9tail est la marque d'un v\u00e9ritable savoir-faire.<\/p>\n<p data-start=\"3070\" data-end=\"3153\">Il capture l'esprit de l'eau, de l'air et de la nature sans utiliser de pinceau ou de peinture.<\/p>\n<p data-start=\"3155\" data-end=\"3258\">Chaque p\u00e9tale, feuille et tige coule avec un mouvement qui refl\u00e8te la technique traditionnelle du coup de pinceau \u00e0 main lev\u00e9e.<\/p>\n<p data-start=\"3260\" data-end=\"3352\">La beaut\u00e9 r\u00e9side dans l'illusion de la spontan\u00e9it\u00e9, magistralement planifi\u00e9e et ex\u00e9cut\u00e9e avec la pierre.<\/p>\n<hr data-start=\"3354\" data-end=\"3357\" \/>\n<h2 data-start=\"3359\" data-end=\"3400\">Le langage du lotus dans l'art et l'espace<\/h2>\n<p data-start=\"3402\" data-end=\"3490\">Les fleurs de lotus ont une signification symbolique profonde dans la culture orientale : puret\u00e9, renaissance et sagesse.<\/p>\n<p data-start=\"3492\" data-end=\"3614\">En utilisant <strong data-start=\"3501\" data-end=\"3522\">Pierre dure<\/strong> Pour rendre ces \u00e9l\u00e9ments symboliques, le panneau transforme les id\u00e9es spirituelles en forme physique.<\/p>\n<p data-start=\"3616\" data-end=\"3711\">Plus qu'une d\u00e9coration, il devient un objet de contemplation qui enrichit l'\u00e9nergie de la pi\u00e8ce.<\/p>\n<p data-start=\"3713\" data-end=\"3828\">Ce symbole <strong data-start=\"3727\" data-end=\"3754\">Panneau mural \u00e0 incrustation de marbre<\/strong> est particuli\u00e8rement utile pour les entr\u00e9es, les salles de m\u00e9ditation ou les salons de th\u00e9.<\/p>\n<p data-start=\"3830\" data-end=\"3921\">Le design honore discr\u00e8tement la tradition tout en la pr\u00e9sentant sous une forme moderne et luxueuse.<\/p>\n<hr data-start=\"3923\" data-end=\"3926\" \/>\n<h3 data-start=\"3928\" data-end=\"3979\">Combinaison de couleurs naturelles et de minimalisme moderne<\/h3>\n<p data-start=\"3981\" data-end=\"4079\">Cette pi\u00e8ce montre comment <strong data-start=\"4006\" data-end=\"4022\">style marbre<\/strong> peuvent faire entrer la nature dans la maison d'une mani\u00e8re subtile et minimale.<\/p>\n<p data-start=\"4081\" data-end=\"4182\">Aucune teinture ou peinture artificielle n'est utilis\u00e9e : chaque teinte est cr\u00e9\u00e9e \u00e0 partir de pierres naturelles soigneusement s\u00e9lectionn\u00e9es.<\/p>\n<p data-start=\"4184\" data-end=\"4279\">Le marbre rose p\u00e2le forme des fleurs d\u00e9licates, tandis que la pierre grise douce sugg\u00e8re des ombres et des contours.<\/p>\n<p data-start=\"4281\" data-end=\"4371\">Le fond est g\u00e9n\u00e9ralement r\u00e9alis\u00e9 en ivoire p\u00e2le ou en marbre de couleur sable pour imiter le papier de riz.<\/p>\n<p data-start=\"4373\" data-end=\"4465\">Cela donne l'impression d'une peinture murale en pierre - raffin\u00e9e, \u00e9quilibr\u00e9e et \u00e9ternellement fra\u00eeche.<\/p>\n<hr data-start=\"4467\" data-end=\"4470\" \/>\n<h2 data-start=\"4472\" data-end=\"4514\">L'h\u00e9ritage de l'art et de l'artisanat de Parchinkari<\/h2>\n<p data-start=\"4516\" data-end=\"4643\">Le pr\u00e9sent <strong data-start=\"4521\" data-end=\"4537\">conception de l'incrustation<\/strong> est ancr\u00e9e dans l'art ancien de la <strong data-start=\"4570\" data-end=\"4585\">parchinkari<\/strong>Elle s'est d\u00e9velopp\u00e9e en Inde et a \u00e9t\u00e9 perfectionn\u00e9e dans l'architecture moghole.<\/p>\n<p data-start=\"4645\" data-end=\"4760\">Le parchinkari est une tradition qui consiste \u00e0 utiliser des pierres pr\u00e9cieuses et semi-pr\u00e9cieuses pour former des images picturales sur des surfaces en pierre.<\/p>\n<p data-start=\"4762\" data-end=\"4882\">Alors qu'elle est traditionnellement appliqu\u00e9e aux plateaux de table, aux sols et aux tombes, Stone Master a modernis\u00e9 la forme pour les surfaces verticales.<\/p>\n<p data-start=\"4884\" data-end=\"5003\">Le pr\u00e9sent <strong data-start=\"4889\" data-end=\"4921\">mur d'arri\u00e8re-plan en marqueterie de marbre<\/strong> c\u00e9l\u00e8bre cet h\u00e9ritage avec un th\u00e8me floral chinois rendu sous une forme contemporaine.<\/p>\n<p data-start=\"5005\" data-end=\"5110\">Il s'agit d'une conversation entre les cultures - l'artisanat indien, l'art chinois et la d\u00e9coration d'int\u00e9rieur mondiale.<\/p>\n<hr data-start=\"5112\" data-end=\"5115\" \/>\n<h3 data-start=\"5117\" data-end=\"5155\">La pr\u00e9cision de la coupe \u00e0 la main dans les moindres d\u00e9tails<\/h3>\n<p data-start=\"5157\" data-end=\"5264\">Les artisans utilisent la d\u00e9coupe au jet d'eau et l'\u00e9barbage \u00e0 la main pour obtenir une grande pr\u00e9cision sur chaque fragment de marbre.<\/p>\n<p data-start=\"5266\" data-end=\"5392\">Les p\u00e9tales sont soigneusement courb\u00e9s, les feuilles sont ombr\u00e9es \u00e0 l'aide de pierres d\u00e9grad\u00e9es et les veines sont recr\u00e9\u00e9es \u00e0 l'aide de fines bandes de laiton ou de pierre.<\/p>\n<p data-start=\"5394\" data-end=\"5500\">Le r\u00e9sultat est un flux continu sur la surface - aucune pi\u00e8ce ne perturbe le mouvement de la composition.<\/p>\n<p data-start=\"5502\" data-end=\"5612\">Toutes les composantes du <strong data-start=\"5524\" data-end=\"5538\">travaux d'incrustation<\/strong> sont mont\u00e9s sur un support rigide pour un transport s\u00fbr et une installation facile.<\/p>\n<p data-start=\"5614\" data-end=\"5726\">La surface finale est polie ou adoucie, selon la finition souhait\u00e9e - mate pour l'\u00e9l\u00e9gance, brillante pour l'\u00e9clat.<\/p>\n<hr data-start=\"5728\" data-end=\"5731\" \/>\n<h2 data-start=\"5733\" data-end=\"5774\">Applications flexibles et tailles personnalis\u00e9es<\/h2>\n<p data-start=\"5776\" data-end=\"5889\">Le pr\u00e9sent <strong data-start=\"5781\" data-end=\"5808\">Panneau mural \u00e0 incrustation de marbre<\/strong> est tr\u00e8s polyvalent et peut \u00eatre install\u00e9 en tant que pi\u00e8ce unique ou en tant que partie d'une fresque murale plus importante.<\/p>\n<p data-start=\"5891\" data-end=\"6003\">Il convient aux int\u00e9rieurs r\u00e9sidentiels, aux halls d'entr\u00e9e des h\u00f4tels, aux entr\u00e9es des spas, aux mus\u00e9es priv\u00e9s et aux vitrines des boutiques.<\/p>\n<p data-start=\"6005\" data-end=\"6127\">La conception est modulable : nous pouvons adapter le motif \u00e0 des panneaux de 600 x 1200 mm ou \u00e0 des fresques murales de plus de 3 m\u00e8tres de haut.<\/p>\n<p data-start=\"6129\" data-end=\"6238\">Stone Master propose des services de personnalisation compl\u00e8te pour adapter les types de pierre, les couleurs, la disposition ou le sujet.<\/p>\n<p data-start=\"6240\" data-end=\"6345\">Qu'il s'agisse d'un simple panneau floral ou d'une <strong data-start=\"6289\" data-end=\"6316\">mur en pierre incrust\u00e9e de marbre<\/strong>Nous offrons un luxe sur mesure.<\/p>\n<hr data-start=\"6347\" data-end=\"6350\" \/>\n<h3 data-start=\"6352\" data-end=\"6402\">Durables, durables et faciles \u00e0 entretenir<\/h3>\n<p data-start=\"6404\" data-end=\"6492\">Le panneau est enti\u00e8rement fabriqu\u00e9 en pierre naturelle - durable, recyclable et p\u00e9renne.<\/p>\n<p data-start=\"6494\" data-end=\"6592\">Stone Master utilise des emballages respectueux de l'environnement et \u00e9vite les adh\u00e9sifs synth\u00e9tiques dans la plupart des \u00e9tapes de production.<\/p>\n<p data-start=\"6594\" data-end=\"6687\">Le panneau est facile \u00e0 nettoyer et \u00e0 entretenir ; un nettoyage p\u00e9riodique \u00e0 l'aide d'un chiffon humide lui permet de rester impeccable.<\/p>\n<p data-start=\"6689\" data-end=\"6790\">Contrairement au papier peint ou \u00e0 la peinture, il ne se d\u00e9colore pas, ne s'\u00e9caille pas et ne s'ab\u00eeme pas sous l'effet de l'humidit\u00e9 ou des changements de temp\u00e9rature.<\/p>\n<p data-start=\"6792\" data-end=\"6892\">Cela permet de s'assurer que votre <strong data-start=\"6810\" data-end=\"6842\">mur d'arri\u00e8re-plan en marqueterie de marbre<\/strong> reste un \u00e9l\u00e9ment de qualit\u00e9 patrimoniale de votre maison.<\/p>\n<hr data-start=\"6894\" data-end=\"6897\" \/>\n<h2 data-start=\"6899\" data-end=\"6939\">Pourquoi choisir un panneau mural en marqueterie de marbre ?<\/h2>\n<p data-start=\"6941\" data-end=\"7027\">Plus qu'une pi\u00e8ce d\u00e9corative, il s'agit d'une \u0153uvre d'art int\u00e9gr\u00e9e \u00e0 l'architecture.<\/p>\n<p data-start=\"7029\" data-end=\"7136\">Les <strong data-start=\"7033\" data-end=\"7047\">travaux d'incrustation<\/strong> transforme la pierre naturelle en coups de pinceau, cr\u00e9ant ainsi un int\u00e9rieur unique en son genre.<\/p>\n<p data-start=\"7138\" data-end=\"7236\">Il vous permet de d\u00e9couvrir des si\u00e8cles d'artisanat mondial, du Taj Mahal aux peintures de la dynastie Song.<\/p>\n<p data-start=\"7238\" data-end=\"7317\">L'utilisation de <strong data-start=\"7249\" data-end=\"7270\">Pierre dure<\/strong> apporte une beaut\u00e9 naturelle aux espaces modernes et luxueux.<\/p>\n<p data-start=\"7319\" data-end=\"7425\">C'est le choix id\u00e9al pour les propri\u00e9taires, les architectes et les d\u00e9corateurs d'int\u00e9rieur qui appr\u00e9cient l'art et la durabilit\u00e9.<\/p>\n<hr data-start=\"7427\" data-end=\"7430\" \/>\n<h3 data-start=\"7432\" data-end=\"7474\">Une d\u00e9claration de sophistication culturelle<\/h3>\n<p data-start=\"7476\" data-end=\"7575\">Lorsque les invit\u00e9s p\u00e9n\u00e8trent dans une maison dot\u00e9e de cette <strong data-start=\"7511\" data-end=\"7538\">mur en pierre incrust\u00e9e de marbre<\/strong>Ils y voient non seulement du luxe, mais aussi de la profondeur.<\/p>\n<p data-start=\"7577\" data-end=\"7660\">Il refl\u00e8te l'appr\u00e9ciation de l'artisanat, de l'art asiatique et du design rare et significatif.<\/p>\n<p data-start=\"7662\" data-end=\"7763\">Contrairement aux panneaux produits en s\u00e9rie, chaque pi\u00e8ce est fabriqu\u00e9e \u00e0 la main, con\u00e7ue individuellement et limit\u00e9e en nombre.<\/p>\n<p data-start=\"7765\" data-end=\"7872\">Ajout d'un <strong data-start=\"7774\" data-end=\"7806\">Mur d'arri\u00e8re-plan en marqueterie de marbre<\/strong> t\u00e9moigne d'un engagement en faveur d'une esth\u00e9tique intemporelle et d'une int\u00e9grit\u00e9 artistique.<\/p>\n<p data-start=\"7874\" data-end=\"7953\">Il ajoute du prestige \u00e0 votre propri\u00e9t\u00e9 et rehausse tous les d\u00e9tails int\u00e9rieurs qui l'entourent.<\/p>\n<hr data-start=\"7955\" data-end=\"7958\" \/>\n<h2 data-start=\"7960\" data-end=\"8014\">Conclusion : Quand la tradition rencontre l'art architectural<\/h2>\n<p data-start=\"8016\" data-end=\"8143\">Le pr\u00e9sent <strong data-start=\"8021\" data-end=\"8048\">Panneau mural \u00e0 incrustation de marbre<\/strong> est la convergence parfaite de la peinture ancienne, des mat\u00e9riaux naturels et de la technologie d'incrustation moderne.<\/p>\n<p data-start=\"8145\" data-end=\"8242\">A travers <strong data-start=\"8153\" data-end=\"8182\">art et artisanat parchinkari<\/strong>Le panneau donne une forme physique \u00e0 la narration et au symbolisme.<\/p>\n<p data-start=\"8244\" data-end=\"8334\">Il invite \u00e0 l'harmonie, \u00e0 l'\u00e9quilibre et \u00e0 la paix dans les espaces o\u00f9 les gens vivent, se r\u00e9unissent et r\u00e9fl\u00e9chissent.<\/p>\n<p data-start=\"8336\" data-end=\"8470\">L'utilisation de <strong data-start=\"8347\" data-end=\"8363\">style marbre<\/strong>cr\u00e9atif, cr\u00e9atif <strong data-start=\"8374\" data-end=\"8390\">conception de l'incrustation<\/strong>et expert <strong data-start=\"8403\" data-end=\"8417\">travaux d'incrustation<\/strong> assure un produit \u00e0 la fois po\u00e9tique et pratique.<\/p>\n<p data-start=\"8472\" data-end=\"8580\">Stone Master est fier de proposer ce mur \u00e0 motif de lotus pour c\u00e9l\u00e9brer l'h\u00e9ritage artistique et le luxe futur.<\/p>","protected":false},"excerpt":{"rendered":"<p><strong>Num\u00e9ro d'article : <\/strong>WA4G012<\/p>\n<p><strong>Mat\u00e9riau :<\/strong>\u00a0Marbre, pierre pr\u00e9cieuse. (le mat\u00e9riau du panneau mural en marbre peut \u00eatre personnalis\u00e9)<\/p>\n<p><strong>Taille :<\/strong>\u00a0Taille sur mesure de tout d\u00e9cor mural en marbre incrust\u00e9<\/p>\n<p><strong>Conception :<\/strong>\u00a0Incrustations de marbre standard ou personnalis\u00e9es<\/p>\n<p><strong>Application :<\/strong>\u00a0Villas et maisons de luxe, h\u00f4tels et centres de vill\u00e9giature, espaces commerciaux,<\/p>\n<p>Salon, Panneau mural en vedette, D\u00e9coration murale, Art mural en marqueterie, Art mural en pierre,<\/p>\n<p>Espaces publics, entr\u00e9es et foyers, clubs haut de gamme et clubs priv\u00e9s,<\/p>\n<p>Salles d'exposition, boutiques, mus\u00e9es, \u00e9glises, mosqu\u00e9es, etc.<\/p>","protected":false},"featured_media":2261,"template":"","meta":{"_joinchat":[]},"product_brand":[],"product_cat":[22],"product_tag":[],"class_list":{"0":"post-2260","1":"product","2":"type-product","3":"status-publish","4":"has-post-thumbnail","6":"product_cat-marble-inlay-wall-decor","8":"first","9":"instock","10":"shipping-taxable","11":"product-type-simple"},"_links":{"self":[{"href":"https:\/\/www.smmarbleinlay.com\/fr\/wp-json\/wp\/v2\/product\/2260","targetHints":{"allow":["GET"]}}],"collection":[{"href":"https:\/\/www.smmarbleinlay.com\/fr\/wp-json\/wp\/v2\/product"}],"about":[{"href":"https:\/\/www.smmarbleinlay.com\/fr\/wp-json\/wp\/v2\/types\/product"}],"wp:featuredmedia":[{"embeddable":true,"href":"https:\/\/www.smmarbleinlay.com\/fr\/wp-json\/wp\/v2\/media\/2261"}],"wp:attachment":[{"href":"https:\/\/www.smmarbleinlay.com\/fr\/wp-json\/wp\/v2\/media?parent=2260"}],"wp:term":[{"taxonomy":"product_brand","embeddable":true,"href":"https:\/\/www.smmarbleinlay.com\/fr\/wp-json\/wp\/v2\/product_brand?post=2260"},{"taxonomy":"product_cat","embeddable":true,"href":"https:\/\/www.smmarbleinlay.com\/fr\/wp-json\/wp\/v2\/product_cat?post=2260"},{"taxonomy":"product_tag","embeddable":true,"href":"https:\/\/www.smmarbleinlay.com\/fr\/wp-json\/wp\/v2\/product_tag?post=2260"}],"curies":[{"name":"wp","href":"https:\/\/api.w.org\/{rel}","templated":true}]}}