{"id":766,"date":"2025-03-11T10:51:46","date_gmt":"2025-03-11T02:51:46","guid":{"rendered":"https:\/\/www.smmarbleinlay.com\/?post_type=product&#038;p=766"},"modified":"2025-04-09T15:26:44","modified_gmt":"2025-04-09T07:26:44","slug":"luxurious-marble-inlay-stone-wall-with-scenic-landscape-design","status":"publish","type":"product","link":"https:\/\/www.smmarbleinlay.com\/fr\/produit\/luxurious-marble-inlay-stone-wall-with-scenic-landscape-design\/","title":{"rendered":"Luxueux mur en pierre incrust\u00e9e de marbre avec motif paysager sc\u00e9nique"},"content":{"rendered":"<h2>Luxueux mur en pierre incrust\u00e9e de marbre avec motif paysager sc\u00e9nique<\/h2>\n<p>Ce mur de pierres incrust\u00e9es de marbre est une fusion \u00e9poustouflante d'art et d'artisanat, mettant en valeur une cascade majestueuse et un paysage de montagne.<\/p>\n<p>Inspir\u00e9 des peintures \u00e0 l'encre traditionnelles chinoises, le design \u00e9voque l'harmonie, la tranquillit\u00e9 et la grandeur, ce qui en fait un compl\u00e9ment exquis aux int\u00e9rieurs haut de gamme.<\/p>\n<h2>D\u00e9coration murale Design et composition des couleurs<\/h2>\n<ul>\n<li>Mat\u00e9riau : Marbre naturel de premi\u00e8re qualit\u00e9<\/li>\n<li>Palette de couleurs : Un m\u00e9lange harmonieux de bruns terreux, de beiges doux, d'or chaud, de vert luxuriant et de blanc ivoire, cr\u00e9ant une esth\u00e9tique naturelle et organique.<\/li>\n<li>Motif : Le paysage de la cascade donne une impression de mouvement et de vitalit\u00e9, enrichi de montagnes d\u00e9taill\u00e9es, d'eau qui coule, d'un soleil levant et d'oiseaux qui s'envolent.<\/li>\n<li>Artisanat : Incrustation de pr\u00e9cision au jet d'eau, garantissant une composition homog\u00e8ne et complexe.<\/li>\n<\/ul>\n<h2>Applications id\u00e9ales de l'incrustation de marbre au mur<\/h2>\n<ul>\n<li>Salons et salles de s\u00e9jour de luxe : Une pi\u00e8ce d'apparat qui rehausse la sophistication<\/li>\n<li>Lobbies d'h\u00f4tels et zones de r\u00e9ception : Rehausse l'ambiance avec une touche artistique<\/li>\n<li>Villas et demeures exclusives : Parfait pour cr\u00e9er un int\u00e9rieur opulent<\/li>\n<li>Espaces culturels et spirituels : Ajoute un sentiment de s\u00e9r\u00e9nit\u00e9 et d'\u00e9l\u00e9gance<\/li>\n<li>Boutiques et magasins de luxe : Une toile de fond raffin\u00e9e pour une image de marque de qualit\u00e9<\/li>\n<\/ul>\n<p>Cette incrustation met en valeur l'art et les techniques artisanales du parchinkari, garantissant un style intemporel et \u00e9l\u00e9gant de l'\u00e9l\u00e9ment en marbre.<\/p>\n<p>C'est un choix exceptionnel pour ceux qui recherchent un \u00e9quilibre parfait entre l'art, la nature et le luxe dans la d\u00e9coration int\u00e9rieure.<\/p>\n<p>Mots-cl\u00e9s du produit<\/p>\n<p>incrustation | marqueterie | style marbre | parchinkari art and craft | incrustation de marbre mur de pierre<\/p>","protected":false},"excerpt":{"rendered":"<div class=\"wp-block-stackable-text stk-block-text stk-block stk-4a35510\" data-block-id=\"4a35510\">\n<p><strong>Num\u00e9ro d'article : <\/strong>WA4G001<\/p>\n<p><strong>Mat\u00e9riau :<\/strong>\u00a0Marbre, pierre pr\u00e9cieuse. (le mat\u00e9riau du panneau mural en marbre peut \u00eatre personnalis\u00e9)<\/p>\n<p><strong>Taille :<\/strong>\u00a0Taille sur mesure de tout d\u00e9cor mural en marbre incrust\u00e9<\/p>\n<p><strong>Conception :<\/strong>\u00a0Incrustations de marbre standard ou personnalis\u00e9es<\/p>\n<p><strong>Application :<\/strong>\u00a0Villas et maisons de luxe, h\u00f4tels et centres de vill\u00e9giature, espaces commerciaux,<\/p>\n<p>Salon, Panneau mural en vedette, D\u00e9coration murale, Art mural en marqueterie, Art mural en pierre,<\/p>\n<p>Espaces publics, entr\u00e9es et foyers, clubs haut de gamme et clubs priv\u00e9s,<\/p>\n<p>Salles d'exposition, boutiques, mus\u00e9es, \u00e9glises, mosqu\u00e9es, etc.<\/p>\n<\/div>","protected":false},"featured_media":1448,"template":"","meta":{"_joinchat":[]},"product_brand":[],"product_cat":[22],"product_tag":[],"class_list":{"0":"post-766","1":"product","2":"type-product","3":"status-publish","4":"has-post-thumbnail","6":"product_cat-marble-inlay-wall-decor","8":"first","9":"instock","10":"shipping-taxable","11":"product-type-simple"},"_links":{"self":[{"href":"https:\/\/www.smmarbleinlay.com\/fr\/wp-json\/wp\/v2\/product\/766","targetHints":{"allow":["GET"]}}],"collection":[{"href":"https:\/\/www.smmarbleinlay.com\/fr\/wp-json\/wp\/v2\/product"}],"about":[{"href":"https:\/\/www.smmarbleinlay.com\/fr\/wp-json\/wp\/v2\/types\/product"}],"wp:featuredmedia":[{"embeddable":true,"href":"https:\/\/www.smmarbleinlay.com\/fr\/wp-json\/wp\/v2\/media\/1448"}],"wp:attachment":[{"href":"https:\/\/www.smmarbleinlay.com\/fr\/wp-json\/wp\/v2\/media?parent=766"}],"wp:term":[{"taxonomy":"product_brand","embeddable":true,"href":"https:\/\/www.smmarbleinlay.com\/fr\/wp-json\/wp\/v2\/product_brand?post=766"},{"taxonomy":"product_cat","embeddable":true,"href":"https:\/\/www.smmarbleinlay.com\/fr\/wp-json\/wp\/v2\/product_cat?post=766"},{"taxonomy":"product_tag","embeddable":true,"href":"https:\/\/www.smmarbleinlay.com\/fr\/wp-json\/wp\/v2\/product_tag?post=766"}],"curies":[{"name":"wp","href":"https:\/\/api.w.org\/{rel}","templated":true}]}}