{"id":1102,"date":"2025-03-22T18:56:45","date_gmt":"2025-03-22T10:56:45","guid":{"rendered":"https:\/\/www.smmarbleinlay.com\/?post_type=product&#038;p=1102"},"modified":"2025-04-09T15:24:49","modified_gmt":"2025-04-09T07:24:49","slug":"elegant-marble-inlay-stone-wall-a-fusion-of-art-craft","status":"publish","type":"product","link":"https:\/\/www.smmarbleinlay.com\/it\/prodotto\/elegant-marble-inlay-stone-wall-a-fusion-of-art-craft\/","title":{"rendered":"Elegante parete in pietra con intarsio in marmo - Una fusione di arte e artigianato"},"content":{"rendered":"<h2>Elegante parete in pietra con intarsio in marmo - Una fusione di arte e artigianato<\/h2>\n<p>Questo squisito muro in pietra con intarsio di marmo presenta un design in stile marmoreo ispirato all'arte e all'artigianato tradizionale di Parchinkari.<\/p>\n<p>Realizzato con precisione, l'intarsio in marmo presenta un delicato motivo floreale intrecciato con pesci koi che nuotano con grazia, simbolo di prosperit\u00e0 e tranquillit\u00e0.<\/p>\n<p>Il caldo sfondo in marmo beige esalta la vivacit\u00e0 dei fiori di magnolia bianchi e dorati, creando un'estetica lussuosa e senza tempo.<\/p>\n<h2>Materiale per pareti in pietra con intarsio in marmo<\/h2>\n<p>L'intricato disegno della parete in pietra a intarsio di marmo \u00e8 realizzato con marmo di alta qualit\u00e0, che garantisce la durata nel tempo e aggiunge un fascino sofisticato agli interni.<\/p>\n<p>Questo lavoro di intarsio \u00e8 ideale per elevare gli spazi residenziali e commerciali, in particolare nei salotti, nelle hall degli hotel, nelle ville di lusso e nelle reception degli uffici di alto livello.<\/p>\n<p>L'armoniosa fusione di elementi naturali e raffinata maestria rende questa parete in pietra ad intarsio di marmo un pezzo forte, che integra perfettamente eleganza e patrimonio culturale.<\/p>\n<p>Questo capolavoro \u00e8 pi\u00f9 di una semplice parete decorativa: \u00e8 un'espressione artistica del lusso e della tradizione, che fa sentire qualsiasi spazio sereno e opulento.<\/p>","protected":false},"excerpt":{"rendered":"<div class=\"wp-block-stackable-text stk-block-text stk-block stk-4a35510\" data-block-id=\"4a35510\">\n<p><strong>Numero di articolo: <\/strong>WA4G002<\/p>\n<p><strong>Materiale:<\/strong>\u00a0Mable, pietra preziosa. (il materiale del pannello a parete con intarsio in marmo pu\u00f2 essere personalizzato)<\/p>\n<p><strong>Dimensioni:<\/strong>\u00a0Dimensioni su misura di qualsiasi decorazione murale in marmo intarsiato<\/p>\n<p><strong>Design:<\/strong>\u00a0Intarsi in marmo standard o personalizzati<\/p>\n<p><strong>Applicazione:<\/strong>\u00a0Ville e case di lusso, hotel e resort, spazi commerciali,<\/p>\n<p>Soggiorno, Pannello a parete in evidenza, Decorazioni murali, Arte murale a intarsio, Arte murale in pietra,<\/p>\n<p>Spazi pubblici, ingressi e foyer, club di alto livello e club privati,<\/p>\n<p>Showroom e spazi espositivi, boutique, musei, chiese, moschee, ecc.<\/p>\n<\/div>","protected":false},"featured_media":1450,"template":"","meta":{"_joinchat":[]},"product_brand":[],"product_cat":[22],"product_tag":[],"class_list":{"0":"post-1102","1":"product","2":"type-product","3":"status-publish","4":"has-post-thumbnail","6":"product_cat-marble-inlay-wall-decor","8":"first","9":"instock","10":"shipping-taxable","11":"product-type-simple"},"_links":{"self":[{"href":"https:\/\/www.smmarbleinlay.com\/it\/wp-json\/wp\/v2\/product\/1102","targetHints":{"allow":["GET"]}}],"collection":[{"href":"https:\/\/www.smmarbleinlay.com\/it\/wp-json\/wp\/v2\/product"}],"about":[{"href":"https:\/\/www.smmarbleinlay.com\/it\/wp-json\/wp\/v2\/types\/product"}],"wp:featuredmedia":[{"embeddable":true,"href":"https:\/\/www.smmarbleinlay.com\/it\/wp-json\/wp\/v2\/media\/1450"}],"wp:attachment":[{"href":"https:\/\/www.smmarbleinlay.com\/it\/wp-json\/wp\/v2\/media?parent=1102"}],"wp:term":[{"taxonomy":"product_brand","embeddable":true,"href":"https:\/\/www.smmarbleinlay.com\/it\/wp-json\/wp\/v2\/product_brand?post=1102"},{"taxonomy":"product_cat","embeddable":true,"href":"https:\/\/www.smmarbleinlay.com\/it\/wp-json\/wp\/v2\/product_cat?post=1102"},{"taxonomy":"product_tag","embeddable":true,"href":"https:\/\/www.smmarbleinlay.com\/it\/wp-json\/wp\/v2\/product_tag?post=1102"}],"curies":[{"name":"wp","href":"https:\/\/api.w.org\/{rel}","templated":true}]}}