{"id":1170,"date":"2025-03-25T11:01:00","date_gmt":"2025-03-25T03:01:00","guid":{"rendered":"https:\/\/www.smmarbleinlay.com\/?post_type=product&#038;p=1170"},"modified":"2025-04-09T16:08:43","modified_gmt":"2025-04-09T08:08:43","slug":"custom-marble-table-top","status":"publish","type":"product","link":"https:\/\/www.smmarbleinlay.com\/it\/prodotto\/custom-marble-table-top\/","title":{"rendered":"Piano del tavolo in marmo personalizzato - Eleganza e durata senza tempo"},"content":{"rendered":"<h2>Squisito piano da tavolo in marmo personalizzato<\/h2>\n<p>Il piano del tavolo con intarsio in marmo \u00e8 un perfetto connubio tra artigianalit\u00e0 ed eleganza.<\/p>\n<p>Realizzato in marmo naturale di prima qualit\u00e0, questo piano da tavolo in marmo mette in mostra la pi\u00f9 raffinata arte della pietra dure, un'antica tecnica decorativa nota per i suoi intricati lavori di intarsio.<\/p>\n<h2>Unico di piano di tavolo in marmo personalizzato<\/h2>\n<p>Il design dei piani del tavolo a intarsio \u00e8 creato meticolosamente con un getto d'acqua, garantendo precisione e dettagli intricati.<\/p>\n<p>Il piano del tavolo a intarsio presenta motivi classici di intarsio in marmo, che combinano simmetria geometrica e motivi floreali per esaltarne l'estetica.<\/p>\n<p>Ogni piano del tavolo a intarsio \u00e8 un capolavoro, che incorpora una ricca tavolozza di colori di pietra naturale, aggiungendo profondit\u00e0 e vivacit\u00e0 a qualsiasi spazio.<\/p>\n<h2>Applicazione del piano del tavolo in marmo personalizzato per gli spazi di lusso<\/h2>\n<p>Progettato per completare sia gli interni moderni che quelli classici, questo piano in marmo intarsiato \u00e8 ideale per l'uso in sale da pranzo di lusso, caff\u00e8 alla moda ed eleganti sale da t\u00e8.<\/p>\n<p>Sia che venga collocato in una residenza di alto livello o in un ambiente commerciale di pregio, questo tavolo aggiunge un tocco sofisticato, offrendo sia durata che bellezza senza tempo.<\/p>\n<p>Sperimentate il fascino della lavorazione artigianale del marmo con il nostro tavolo con intarsio in marmo di prima qualit\u00e0, una vera e propria dichiarazione di eleganza e lusso.<\/p>","protected":false},"excerpt":{"rendered":"<p><strong>Numero di articolo: <\/strong>TA4G002<\/p>\n<p><strong>Materiale:<\/strong>\u00a0Mable, pietra preziosa. (il materiale del tavolo con intarsio in marmo pu\u00f2 essere personalizzato)<\/p>\n<p><strong>Dimensioni:<\/strong>\u00a0Dimensioni su misura<\/p>\n<p><strong>Design:<\/strong>\u00a0Tavoli con intarsi in marmo standard o personalizzati<\/p>\n<p><strong>Applicazione:<\/strong>\u00a0Ville e case di lusso, hotel e resort, spazi commerciali,<\/p>\n<p>Tavolo da pranzo con intarsio in marmo, tavolino in pietra dura, piano del tavolo da pranzo,<\/p>\n<p>Spazi da pranzo di lusso, soggiorni classici o interni di uffici di alto livello,<\/p>\n<p>Tavolo in marmo intarsiato, mobili in marmo intarsiato,<\/p>\n<p>Spazi pubblici, club di alto livello e club privati,<\/p>\n<p>Showroom e spazi espositivi, boutique, musei, chiese, moschee, ecc.<\/p>","protected":false},"featured_media":1412,"template":"","meta":{"_joinchat":[]},"product_brand":[],"product_cat":[23],"product_tag":[],"class_list":{"0":"post-1170","1":"product","2":"type-product","3":"status-publish","4":"has-post-thumbnail","6":"product_cat-marble-inlay-table","8":"first","9":"instock","10":"shipping-taxable","11":"product-type-simple"},"_links":{"self":[{"href":"https:\/\/www.smmarbleinlay.com\/it\/wp-json\/wp\/v2\/product\/1170","targetHints":{"allow":["GET"]}}],"collection":[{"href":"https:\/\/www.smmarbleinlay.com\/it\/wp-json\/wp\/v2\/product"}],"about":[{"href":"https:\/\/www.smmarbleinlay.com\/it\/wp-json\/wp\/v2\/types\/product"}],"wp:featuredmedia":[{"embeddable":true,"href":"https:\/\/www.smmarbleinlay.com\/it\/wp-json\/wp\/v2\/media\/1412"}],"wp:attachment":[{"href":"https:\/\/www.smmarbleinlay.com\/it\/wp-json\/wp\/v2\/media?parent=1170"}],"wp:term":[{"taxonomy":"product_brand","embeddable":true,"href":"https:\/\/www.smmarbleinlay.com\/it\/wp-json\/wp\/v2\/product_brand?post=1170"},{"taxonomy":"product_cat","embeddable":true,"href":"https:\/\/www.smmarbleinlay.com\/it\/wp-json\/wp\/v2\/product_cat?post=1170"},{"taxonomy":"product_tag","embeddable":true,"href":"https:\/\/www.smmarbleinlay.com\/it\/wp-json\/wp\/v2\/product_tag?post=1170"}],"curies":[{"name":"wp","href":"https:\/\/api.w.org\/{rel}","templated":true}]}}