{"id":1414,"date":"2025-03-27T09:38:47","date_gmt":"2025-03-27T01:38:47","guid":{"rendered":"https:\/\/www.smmarbleinlay.com\/?post_type=product&#038;p=1414"},"modified":"2025-04-09T16:03:07","modified_gmt":"2025-04-09T08:03:07","slug":"luxury-marble-inlay-dining-table-2","status":"publish","type":"product","link":"https:\/\/www.smmarbleinlay.com\/it\/prodotto\/luxury-marble-inlay-dining-table-2\/","title":{"rendered":"Tavolo da pranzo di lusso con intarsi in marmo"},"content":{"rendered":"<h2>Piano del tavolo da pranzo con intarsio in marmo di lusso - Eleganza e durata senza tempo<\/h2>\n<p>Vi presentiamo il nostro squisito tavolo con intarsio in marmo, un perfetto connubio di artigianalit\u00e0 ed eleganza.<\/p>\n<p>Realizzato in marmo naturale di prima qualit\u00e0, questo tavolo mette in mostra la pi\u00f9 raffinata arte della pietra dure, un'antica tecnica decorativa nota per i suoi intricati lavori di intarsio.<\/p>\n<p>Il design dell'intarsio \u00e8 creato meticolosamente con un getto d'acqua, per garantire precisione e dettagli intricati.<\/p>\n<h2>Design unico del piano del tavolo da pranzo con intarsi in marmo di lusso<\/h2>\n<p>Il piano del tavolo \u00e8 caratterizzato da classici motivi di intarsio in marmo, che combinano simmetria geometrica e motivi floreali per esaltarne l'estetica.<\/p>\n<p>Ogni piano del tavolo a intarsio \u00e8 un capolavoro, che incorpora una ricca tavolozza di colori di pietra naturale, aggiungendo profondit\u00e0 e vivacit\u00e0 a qualsiasi spazio.<\/p>\n<h2>Applicazione di Luxury Marble Inlay Dinning Table Top<\/h2>\n<p>Progettato per completare sia gli interni moderni che quelli classici, questo tavolo con intarsio in marmo \u00e8 ideale per l'uso in sale da pranzo di lusso, caff\u00e8 alla moda ed eleganti sale da t\u00e8.<\/p>\n<p>Sia che venga collocato in una residenza di alto livello o in un ambiente commerciale di pregio, questo tavolo aggiunge un tocco sofisticato, offrendo sia durata che bellezza senza tempo.<\/p>\n<p>Sperimentate il fascino della lavorazione artigianale del marmo con il nostro tavolo con intarsio in marmo di prima qualit\u00e0, una vera e propria dichiarazione di eleganza e lusso.<\/p>","protected":false},"excerpt":{"rendered":"<p><strong>Numero di articolo:<\/strong>TA4G003<\/p>\n<p><strong>Materiale:<\/strong>\u00a0Mable, pietra preziosa. (il materiale pu\u00f2 essere personalizzato)<\/p>\n<p><strong>Dimensioni:<\/strong>\u00a0Dimensioni su misura<\/p>\n<p><strong>Design:<\/strong>\u00a0Design standard o personalizzati<\/p>\n<p><strong>Applicazione:<\/strong>\u00a0Ville e case di lusso, hotel e resort, spazi commerciali,<\/p>\n<p>Tavolo da pranzo con intarsio in marmo, tavolino in pietra dura, piano del tavolo da pranzo,<\/p>\n<p>Tavolo in marmo intarsiato, mobili in marmo intarsiato,<\/p>\n<p>Spazi pubblici, club di alto livello e club privati,<\/p>\n<p>Showroom e spazi espositivi, boutique, musei, chiese, moschee, ecc.<\/p>","protected":false},"featured_media":1416,"template":"","meta":{"_joinchat":[]},"product_brand":[],"product_cat":[23],"product_tag":[],"class_list":{"0":"post-1414","1":"product","2":"type-product","3":"status-publish","4":"has-post-thumbnail","6":"product_cat-marble-inlay-table","8":"first","9":"instock","10":"shipping-taxable","11":"product-type-simple"},"_links":{"self":[{"href":"https:\/\/www.smmarbleinlay.com\/it\/wp-json\/wp\/v2\/product\/1414","targetHints":{"allow":["GET"]}}],"collection":[{"href":"https:\/\/www.smmarbleinlay.com\/it\/wp-json\/wp\/v2\/product"}],"about":[{"href":"https:\/\/www.smmarbleinlay.com\/it\/wp-json\/wp\/v2\/types\/product"}],"wp:featuredmedia":[{"embeddable":true,"href":"https:\/\/www.smmarbleinlay.com\/it\/wp-json\/wp\/v2\/media\/1416"}],"wp:attachment":[{"href":"https:\/\/www.smmarbleinlay.com\/it\/wp-json\/wp\/v2\/media?parent=1414"}],"wp:term":[{"taxonomy":"product_brand","embeddable":true,"href":"https:\/\/www.smmarbleinlay.com\/it\/wp-json\/wp\/v2\/product_brand?post=1414"},{"taxonomy":"product_cat","embeddable":true,"href":"https:\/\/www.smmarbleinlay.com\/it\/wp-json\/wp\/v2\/product_cat?post=1414"},{"taxonomy":"product_tag","embeddable":true,"href":"https:\/\/www.smmarbleinlay.com\/it\/wp-json\/wp\/v2\/product_tag?post=1414"}],"curies":[{"name":"wp","href":"https:\/\/api.w.org\/{rel}","templated":true}]}}