{"id":1463,"date":"2025-03-27T15:37:51","date_gmt":"2025-03-27T07:37:51","guid":{"rendered":"https:\/\/www.smmarbleinlay.com\/?post_type=product&#038;p=1463"},"modified":"2025-04-09T15:14:41","modified_gmt":"2025-04-09T07:14:41","slug":"exquisite-marble-inlay-stone-wall-decor","status":"publish","type":"product","link":"https:\/\/www.smmarbleinlay.com\/it\/prodotto\/exquisite-marble-inlay-stone-wall-decor\/","title":{"rendered":"Squisita decorazione murale in pietra ad intarsio di marmo"},"content":{"rendered":"<h2>Squisita decorazione murale in pietra ad intarsio di marmo<\/h2>\n<p>Questo lussuoso e squisito decoro da parete in pietra intarsiata di marmo \u00e8 un capolavoro di arte muraria in pietra dura, che mostra un'intricata miscela di intarsi in pietra naturale che riflettono l'eleganza dell'arte e dell'artigianato Parchinkari.<\/p>\n<p>La parete presenta uno splendido disegno floreale con tonalit\u00e0 calde e terrose, completate da morbide sfumature crema e beige, che la rendono un'aggiunta perfetta agli interni di lusso.<\/p>\n<h2>Decorazione murale di lusso in pietra ad intarsio di marmo per interni di lusso<\/h2>\n<p>Realizzato con marmo di alta qualit\u00e0, questo pannello da parete Marble Inlay integra le pi\u00f9 raffinate tecniche di intarsio, garantendo un'estetica senza soluzione di continuit\u00e0 e senza tempo.<\/p>\n<p>L'intricato lavoro di intarsio forma un murale mozzafiato, ideale per grandi hall, hotel di lusso, residenze di alto livello e spazi commerciali che richiedono raffinatezza.<\/p>\n<p>Che si tratti di scale, pareti d'accento o grandi corridoi, questa parete in pietra con intarsio di marmo \u00e8 un pezzo forte, che unisce il patrimonio artistico al lusso moderno.<\/p>\n<p>\u00c8 una squisita rappresentazione della tradizione artigianale combinata con la sensibilit\u00e0 del design contemporaneo, che la rende una vera e propria opera d'arte.<\/p>","protected":false},"excerpt":{"rendered":"<p><strong>Numero di articolo: <\/strong>WA4G004<\/p>\n<p><strong>Materiale:<\/strong>\u00a0Mable, pietra preziosa. (il materiale del pannello a parete con intarsio in marmo pu\u00f2 essere personalizzato)<\/p>\n<p><strong>Dimensioni:<\/strong>\u00a0Dimensioni su misura di qualsiasi decorazione murale in marmo intarsiato<\/p>\n<p><strong>Design:<\/strong>\u00a0Intarsi in marmo standard o personalizzati<\/p>\n<p><strong>Applicazione:<\/strong>\u00a0Ville e case di lusso, hotel e resort, spazi commerciali,<\/p>\n<p>Soggiorno, Pannello a parete in evidenza, Decorazioni murali, Arte murale a intarsio, Arte murale in pietra,<\/p>\n<p>Spazi pubblici, ingressi e foyer, club di alto livello e club privati,<\/p>\n<p>Showroom e spazi espositivi, boutique, musei, chiese, moschee, ecc.<\/p>","protected":false},"featured_media":1464,"template":"","meta":{"_joinchat":[]},"product_brand":[],"product_cat":[22],"product_tag":[],"class_list":{"0":"post-1463","1":"product","2":"type-product","3":"status-publish","4":"has-post-thumbnail","6":"product_cat-marble-inlay-wall-decor","8":"first","9":"instock","10":"shipping-taxable","11":"product-type-simple"},"_links":{"self":[{"href":"https:\/\/www.smmarbleinlay.com\/it\/wp-json\/wp\/v2\/product\/1463","targetHints":{"allow":["GET"]}}],"collection":[{"href":"https:\/\/www.smmarbleinlay.com\/it\/wp-json\/wp\/v2\/product"}],"about":[{"href":"https:\/\/www.smmarbleinlay.com\/it\/wp-json\/wp\/v2\/types\/product"}],"wp:featuredmedia":[{"embeddable":true,"href":"https:\/\/www.smmarbleinlay.com\/it\/wp-json\/wp\/v2\/media\/1464"}],"wp:attachment":[{"href":"https:\/\/www.smmarbleinlay.com\/it\/wp-json\/wp\/v2\/media?parent=1463"}],"wp:term":[{"taxonomy":"product_brand","embeddable":true,"href":"https:\/\/www.smmarbleinlay.com\/it\/wp-json\/wp\/v2\/product_brand?post=1463"},{"taxonomy":"product_cat","embeddable":true,"href":"https:\/\/www.smmarbleinlay.com\/it\/wp-json\/wp\/v2\/product_cat?post=1463"},{"taxonomy":"product_tag","embeddable":true,"href":"https:\/\/www.smmarbleinlay.com\/it\/wp-json\/wp\/v2\/product_tag?post=1463"}],"curies":[{"name":"wp","href":"https:\/\/api.w.org\/{rel}","templated":true}]}}