{"id":1634,"date":"2025-03-29T17:03:59","date_gmt":"2025-03-29T09:03:59","guid":{"rendered":"https:\/\/www.smmarbleinlay.com\/?post_type=product&#038;p=1634"},"modified":"2025-04-09T13:11:58","modified_gmt":"2025-04-09T05:11:58","slug":"majestic-pietra-dura-stone-deer-marble-inlay-background-wall","status":"publish","type":"product","link":"https:\/\/www.smmarbleinlay.com\/it\/prodotto\/majestic-pietra-dura-stone-deer-marble-inlay-background-wall\/","title":{"rendered":"Maestosa Pietra Dura Pietra Cervo Marmo Intarsio Parete di Fondo"},"content":{"rendered":"<h2>Design artistico a intarsio ispirato alla natura e all'arte e all'artigianato Parchinkari<\/h2>\n<p>Questa parete di fondo in Pietra Dura con intarsio in marmo di cervo presenta un grazioso cervo maculato come motivo centrale, circondato da un elegante bordo floreale.<\/p>\n<p>Ispirato all'arte e all'artigianato parchinkari, l'intricato lavoro di intarsio in pietra dura del marmo di cervo cattura la bellezza della natura, creando un capolavoro artistico senza tempo.<\/p>\n<h2>Marmo di stile premium e squisito intarsio di marmo Muro di pietra artigianale<\/h2>\n<p>Realizzata con il marmo pi\u00f9 pregiato, questa parete in marmo ad intarsio presenta un eccezionale design ad intarsio, in cui ogni pietra \u00e8 tagliata e assemblata meticolosamente per conferire profondit\u00e0 e realismo all'opera d'arte.<\/p>\n<p>I materiali lussuosi garantiscono la durata nel tempo, pur mantenendo un'aria raffinata.<\/p>\n<h2>Elevare gli interni di lusso con un pannello da parete con intarsio in marmo<\/h2>\n<p>Perfetto per soggiorni, sale da pranzo e ville di lusso, questo pannello da parete con intarsio in marmo trasforma gli interni in un elegante santuario.<\/p>\n<p>La fusione della bellezza ispirata alla natura con il design magistrale dell'intarsio marmoreo rende quest'opera d'arte un pezzo straordinario per gli spazi di alto livello.<\/p>","protected":false},"excerpt":{"rendered":"<p>Pietra Dura Pietra Deer Marmo intarsiato a muro<\/p>\n<p><strong>Numero di articolo: <\/strong>WA4G010<\/p>\n<p><strong>Materiale:<\/strong>\u00a0Mable, pietra preziosa. (il materiale del pannello a parete con intarsio in marmo pu\u00f2 essere personalizzato)<\/p>\n<p><strong>Dimensioni:<\/strong>\u00a0Dimensioni su misura di qualsiasi decorazione murale in marmo intarsiato<\/p>\n<p><strong>Design:<\/strong>\u00a0Intarsi in marmo standard o personalizzati<\/p>\n<p><strong>Applicazione:<\/strong>\u00a0Ville e case di lusso, hotel e resort, spazi commerciali,<\/p>\n<p>Soggiorno, Pannello a parete in evidenza, Decorazioni murali, Arte murale a intarsio, Arte murale in pietra,<\/p>\n<p>Spazi pubblici, ingressi e foyer, club di alto livello e club privati,<\/p>\n<p>Showroom e spazi espositivi, boutique, musei, chiese, moschee, ecc.<\/p>","protected":false},"featured_media":1635,"template":"","meta":{"_joinchat":[]},"product_brand":[],"product_cat":[22],"product_tag":[],"class_list":{"0":"post-1634","1":"product","2":"type-product","3":"status-publish","4":"has-post-thumbnail","6":"product_cat-marble-inlay-wall-decor","8":"first","9":"instock","10":"shipping-taxable","11":"product-type-simple"},"_links":{"self":[{"href":"https:\/\/www.smmarbleinlay.com\/it\/wp-json\/wp\/v2\/product\/1634","targetHints":{"allow":["GET"]}}],"collection":[{"href":"https:\/\/www.smmarbleinlay.com\/it\/wp-json\/wp\/v2\/product"}],"about":[{"href":"https:\/\/www.smmarbleinlay.com\/it\/wp-json\/wp\/v2\/types\/product"}],"wp:featuredmedia":[{"embeddable":true,"href":"https:\/\/www.smmarbleinlay.com\/it\/wp-json\/wp\/v2\/media\/1635"}],"wp:attachment":[{"href":"https:\/\/www.smmarbleinlay.com\/it\/wp-json\/wp\/v2\/media?parent=1634"}],"wp:term":[{"taxonomy":"product_brand","embeddable":true,"href":"https:\/\/www.smmarbleinlay.com\/it\/wp-json\/wp\/v2\/product_brand?post=1634"},{"taxonomy":"product_cat","embeddable":true,"href":"https:\/\/www.smmarbleinlay.com\/it\/wp-json\/wp\/v2\/product_cat?post=1634"},{"taxonomy":"product_tag","embeddable":true,"href":"https:\/\/www.smmarbleinlay.com\/it\/wp-json\/wp\/v2\/product_tag?post=1634"}],"curies":[{"name":"wp","href":"https:\/\/api.w.org\/{rel}","templated":true}]}}