{"id":1927,"date":"2025-04-08T14:13:57","date_gmt":"2025-04-08T06:13:57","guid":{"rendered":"https:\/\/www.smmarbleinlay.com\/?post_type=product&#038;p=1927"},"modified":"2025-04-09T16:40:34","modified_gmt":"2025-04-09T08:40:34","slug":"marble-inlay-floor-design-with-geometric-tile-medallion","status":"publish","type":"product","link":"https:\/\/www.smmarbleinlay.com\/it\/prodotto\/marble-inlay-floor-design-with-geometric-tile-medallion\/","title":{"rendered":"Pavimento di design a intarsio in marmo con medaglione di piastrelle geometriche"},"content":{"rendered":"<h2>Un sorprendente capolavoro di design di pavimento in marmo intarsiato<\/h2>\n<p>Elevate i vostri interni con un audace e sofisticato pavimento a intarsio in marmo con medaglione geometrico, dove la precisione incontra l'arte.<\/p>\n<p>Questo pavimento in marmo intarsiato \u00e8 pi\u00f9 di una semplice superficie: \u00e8 una dichiarazione visiva che fonde l'eleganza classica con la sensibilit\u00e0 moderna, perfetta per case di lusso e grandi ingressi.<\/p>\n<h2>Marmo naturale pregiato per una qualit\u00e0 senza tempo<\/h2>\n<p>Questo pavimento in marmo \u00e8 realizzato con marmo naturale di alta qualit\u00e0 selezionato a mano.<\/p>\n<p>Conosciuto per la sua durata e la sua texture raffinata, il marmo rimane uno dei materiali preferiti per gli interni esclusivi.<\/p>\n<p>La superficie liscia e lucida offre non solo fascino estetico ma anche prestazioni di lunga durata, rendendola ideale per aree ad alto traffico come foyer e corridoi.<\/p>\n<h2>Intricato disegno geometrico a intarsio di marmo<\/h2>\n<p>Il cuore di questo design risiede nel meticoloso intarsio di marmo, ispirato a motivi geometrici e a influenze Art D\u00e9co.<\/p>\n<p>Ogni medaglione di marmo a pavimento presenta audaci semicerchi e nitidi accenti lineari, perfettamente integrati attraverso la tradizionale tecnica della Pietra dure.<\/p>\n<p>Il risultato \u00e8 un disegno ritmico ed equilibrato che attira lo sguardo e d\u00e0 energia allo spazio.<\/p>\n<h2>Sofisticata tavolozza monocromatica<\/h2>\n<p>La combinazione di colori combina il marmo nero profondo con morbidi intarsi bianchi e grigi, creando un forte contrasto visivo ed eleganza.<\/p>\n<p>Questa tavolozza ad alto contrasto non solo esalta i dettagli di ogni pezzo di marmo intarsiato, ma si abbina anche ad arredi moderni e classici.<\/p>\n<p>Il look complessivo \u00e8 elegante, senza tempo e incredibilmente versatile.<\/p>\n<h2>Ideale per grandi ingressi e interni eleganti<\/h2>\n<p>Questo pavimento in marmo \u00e8 particolarmente indicato per ingressi di lusso, salotti formali e scale di rappresentanza.<\/p>\n<p>La disposizione dei medaglioni di marmo a pavimento crea un flusso naturale, guidando i visitatori attraverso lo spazio e lasciando un'impressione duratura.<\/p>\n<p>Utilizzato in ville residenziali o in spazi di ospitalit\u00e0 di alto livello, questo design trasforma qualsiasi pavimento in un elemento artistico centrale.<\/p>\n<h2>Realizzato per stupire<\/h2>\n<p>Progettato e realizzato da maestri artigiani, questo disegno a intarsio di marmo mette in mostra l'impareggiabile qualit\u00e0 e attenzione ai dettagli per cui Stone Master \u00e8 noto.<\/p>\n<p>Ogni piastrella viene tagliata e posata a mano per garantire una finitura impeccabile e un aspetto davvero personalizzato.<\/p>","protected":false},"excerpt":{"rendered":"<p>Valorizzate il vostro spazio con questo splendido pavimento a intarsio in marmo con medaglione geometrico, realizzato in pietra naturale di prima qualit\u00e0.<\/p>\n<p>Caratterizzato da un audace design a intarsio di marmo con linee pulite e motivi semicircolari, questo pavimento in marmo intarsiato conferisce un tocco moderno a un'eleganza senza tempo.<\/p>\n<p>Il design del pavimento in marmo ad alto contrasto nei colori nero, bianco e grigio aggiunge profondit\u00e0 e raffinatezza, perfetto per ingressi di lusso, foyer o stanze formali.<\/p>\n<p>Ogni medaglione di marmo da pavimento \u00e8 tagliato con precisione e posato a mano per una finitura impeccabile che riflette una maestria artigianale. Ideale per le case di lusso e gli interni boutique.<\/p>\n<p><strong>Numero di articolo: <\/strong>FLM4G012<\/p>\n<p><strong>Materiale:<\/strong>\u00a0Mable, pietra preziosa. (i materiali per l'intarsio del marmo possono essere personalizzati)<\/p>\n<p><strong>Dimensioni:<\/strong>\u00a0Dimensioni su misura (dimensioni personalizzate dell'intarsio in marmo)<\/p>\n<p><strong>Design:<\/strong>\u00a0Disegni in marmo standard o personalizzati<\/p>\n<p><strong>Applicazione:<\/strong>\u00a0Ville e case di lusso, hotel e resort, spazi commerciali,<\/p>\n<p>Spazi pubblici, scale e corridoi, ingresso e foyer, pavimento artistico in pietra dura,<\/p>\n<p>Club e circoli privati di alto livello, showroom e spazi espositivi,<\/p>\n<p>Boutique, museo, chiesa, moschea, ecc.<\/p>","protected":false},"featured_media":1928,"template":"","meta":{"_joinchat":[]},"product_brand":[],"product_cat":[21],"product_tag":[],"class_list":{"0":"post-1927","1":"product","2":"type-product","3":"status-publish","4":"has-post-thumbnail","6":"product_cat-contemporary-marble-inlay-flooring","8":"first","9":"instock","10":"shipping-taxable","11":"product-type-simple"},"_links":{"self":[{"href":"https:\/\/www.smmarbleinlay.com\/it\/wp-json\/wp\/v2\/product\/1927","targetHints":{"allow":["GET"]}}],"collection":[{"href":"https:\/\/www.smmarbleinlay.com\/it\/wp-json\/wp\/v2\/product"}],"about":[{"href":"https:\/\/www.smmarbleinlay.com\/it\/wp-json\/wp\/v2\/types\/product"}],"wp:featuredmedia":[{"embeddable":true,"href":"https:\/\/www.smmarbleinlay.com\/it\/wp-json\/wp\/v2\/media\/1928"}],"wp:attachment":[{"href":"https:\/\/www.smmarbleinlay.com\/it\/wp-json\/wp\/v2\/media?parent=1927"}],"wp:term":[{"taxonomy":"product_brand","embeddable":true,"href":"https:\/\/www.smmarbleinlay.com\/it\/wp-json\/wp\/v2\/product_brand?post=1927"},{"taxonomy":"product_cat","embeddable":true,"href":"https:\/\/www.smmarbleinlay.com\/it\/wp-json\/wp\/v2\/product_cat?post=1927"},{"taxonomy":"product_tag","embeddable":true,"href":"https:\/\/www.smmarbleinlay.com\/it\/wp-json\/wp\/v2\/product_tag?post=1927"}],"curies":[{"name":"wp","href":"https:\/\/api.w.org\/{rel}","templated":true}]}}