{"id":1930,"date":"2025-04-08T14:43:30","date_gmt":"2025-04-08T06:43:30","guid":{"rendered":"https:\/\/www.smmarbleinlay.com\/?post_type=product&#038;p=1930"},"modified":"2025-04-08T16:25:35","modified_gmt":"2025-04-08T08:25:35","slug":"marble-inlay-floor-design","status":"publish","type":"product","link":"https:\/\/www.smmarbleinlay.com\/it\/prodotto\/marble-inlay-floor-design\/","title":{"rendered":"Pavimento di design con intarsio in marmo"},"content":{"rendered":"<h2>Pavimento a intarsio in marmo in stile moderno con medaglione geometrico di piastrelle<\/h2>\n<p>Elevate i vostri interni con un raffinato pavimento a intarsio in marmo con medaglione geometrico, dove l'artigianato senza tempo incontra il lusso moderno.<\/p>\n<p>Questo pavimento in marmo intarsiato cattura l'attenzione con la sua elegante simmetria e il suo audace contrasto, rendendolo il fulcro perfetto per gli spazi di alta gamma.<\/p>\n<h2>Materiale di marmo pregiato per una bellezza duratura<\/h2>\n<p>Questo pavimento in marmo \u00e8 stato sapientemente realizzato con marmo naturale di alta qualit\u00e0, noto per la sua resistenza, durata e consistenza lussuosa.<\/p>\n<p>La finitura liscia e lucida esalta l'eleganza del pavimento e offre una facile manutenzione e un'eccellente resistenza all'usura nel tempo.<\/p>\n<p>Ogni piastrella \u00e8 tagliata con precisione e assemblata con cura per mantenere una finitura impeccabile e senza soluzione di continuit\u00e0.<\/p>\n<h2>Elegante design dei motivi e tavolozza di colori a contrasto<\/h2>\n<p>Al centro di questo disegno a intarsio di marmo si trova un suggestivo motivo floreale geometrico.<\/p>\n<p>Forme sovrapposte simili a petali in marmo bianco brillante formano un motivo ritmico e simmetrico su uno sfondo nero profondo, creando un'illusione di movimento e profondit\u00e0.<\/p>\n<p>I diamanti con accenti dorati alle intersezioni aggiungono un sottile tocco di lusso e calore, rendendo il design classico e contemporaneo al tempo stesso.<\/p>\n<p>La base in bianco e nero, impreziosita dai toni dell'oro, garantisce versatilit\u00e0, integrandosi facilmente con interni sia tradizionali che moderni.<\/p>\n<p>L'elevato contrasto attira lo sguardo, mentre le forme floreali ricurve attenuano l'impatto visivo, creando un perfetto equilibrio tra audacia e raffinatezza.<\/p>\n<h2>Applicazioni ideali per interni di lusso<\/h2>\n<p>Questo medaglione in marmo da pavimento \u00e8 la scelta ideale per gli spazi che richiedono eleganza e individualit\u00e0. Perfetto per:<\/p>\n<ul>\n<li>\n<h3>Grandi ingressi e foyer<\/h3>\n<\/li>\n<li>\n<h3>Soggiorni e salotti formali<\/h3>\n<\/li>\n<li>\n<h3>Spazi pranzo in ville di lusso<\/h3>\n<\/li>\n<li>\n<h3>Corridoi e hall negli hotel boutique<\/h3>\n<\/li>\n<\/ul>\n<p>Il suo design simmetrico conduce naturalmente l'occhio attraverso la stanza, migliorando il flusso e l'armonia estetica dello spazio.<\/p>\n<p>Sia che stiate progettando un interno in stile classico europeo o uno spazio audace e contemporaneo, questo pavimento in marmo intarsiato aggiunge un tocco inconfondibile di arte e raffinatezza.<\/p>\n<h2>Perch\u00e9 scegliere questo pavimento con intarsio in marmo?<\/h2>\n<p>Combinando maestria artigianale, materiali naturali e design senza tempo, questo pavimento \u00e8 pi\u00f9 di una semplice superficie: \u00e8 una dichiarazione.<\/p>\n<p>Ogni disegno di intarsio in marmo \u00e8 studiato su misura per garantire eleganza e durata, offrendo un investimento duraturo in un'abitazione di lusso.<\/p>","protected":false},"excerpt":{"rendered":"<p>Elegante pavimento a intarsio in marmo con medaglione geometrico - marmo intarsiato di lusso per un design audace e senza tempo.<\/p>\n<p><strong>Numero di articolo:\u00a0<\/strong>FLM4G013<\/p>\n<p><strong>Materiale:<\/strong>\u00a0Mable, pietra preziosa. (i materiali per l'intarsio del marmo possono essere personalizzati)<\/p>\n<p><strong>Dimensioni:<\/strong>\u00a0Dimensioni su misura (dimensioni personalizzate dell'intarsio in marmo)<\/p>\n<p><strong>Design:<\/strong>\u00a0Disegni in marmo standard o personalizzati<\/p>\n<p><strong>Applicazione:<\/strong>\u00a0Ville e case di lusso, hotel e resort, spazi commerciali,<\/p>\n<p>Spazi pubblici, scale e corridoi, ingresso e foyer, pavimento artistico in pietra dura,<\/p>\n<p>Club e circoli privati di alto livello, showroom e spazi espositivi,<\/p>\n<p>Boutique, museo, chiesa, moschea, ecc.<\/p>","protected":false},"featured_media":1931,"template":"","meta":{"_joinchat":[]},"product_brand":[],"product_cat":[21],"product_tag":[],"class_list":{"0":"post-1930","1":"product","2":"type-product","3":"status-publish","4":"has-post-thumbnail","6":"product_cat-contemporary-marble-inlay-flooring","8":"first","9":"instock","10":"shipping-taxable","11":"product-type-simple"},"_links":{"self":[{"href":"https:\/\/www.smmarbleinlay.com\/it\/wp-json\/wp\/v2\/product\/1930","targetHints":{"allow":["GET"]}}],"collection":[{"href":"https:\/\/www.smmarbleinlay.com\/it\/wp-json\/wp\/v2\/product"}],"about":[{"href":"https:\/\/www.smmarbleinlay.com\/it\/wp-json\/wp\/v2\/types\/product"}],"wp:featuredmedia":[{"embeddable":true,"href":"https:\/\/www.smmarbleinlay.com\/it\/wp-json\/wp\/v2\/media\/1931"}],"wp:attachment":[{"href":"https:\/\/www.smmarbleinlay.com\/it\/wp-json\/wp\/v2\/media?parent=1930"}],"wp:term":[{"taxonomy":"product_brand","embeddable":true,"href":"https:\/\/www.smmarbleinlay.com\/it\/wp-json\/wp\/v2\/product_brand?post=1930"},{"taxonomy":"product_cat","embeddable":true,"href":"https:\/\/www.smmarbleinlay.com\/it\/wp-json\/wp\/v2\/product_cat?post=1930"},{"taxonomy":"product_tag","embeddable":true,"href":"https:\/\/www.smmarbleinlay.com\/it\/wp-json\/wp\/v2\/product_tag?post=1930"}],"curies":[{"name":"wp","href":"https:\/\/api.w.org\/{rel}","templated":true}]}}