{"id":2260,"date":"2025-06-27T15:00:29","date_gmt":"2025-06-27T07:00:29","guid":{"rendered":"https:\/\/www.smmarbleinlay.com\/?post_type=product&#038;p=2260"},"modified":"2025-06-20T17:13:08","modified_gmt":"2025-06-20T09:13:08","slug":"marble-inlay-background-wall-decor-lotus-design-for-luxury-villas","status":"publish","type":"product","link":"https:\/\/www.smmarbleinlay.com\/it\/prodotto\/marble-inlay-background-wall-decor-lotus-design-for-luxury-villas\/","title":{"rendered":"Decorazione murale con sfondo a intarsio di marmo - Design Lotus per ville di lusso"},"content":{"rendered":"<h2 data-start=\"367\" data-end=\"448\">Marmo intarsio sfondo decorazione murale Lotus Design pittura<\/h2>\n<p data-start=\"450\" data-end=\"582\">Questo squisito <strong data-start=\"465\" data-end=\"497\">Parete di fondo con intarsio in marmo<\/strong> \u00e8 una fusione senza tempo di tradizione artistica orientale e artigianato di lusso occidentale.<\/p>\n<p data-start=\"584\" data-end=\"725\">Ispirato ai classici dipinti a inchiostro cinesi, il motivo del loto \u00e8 elegantemente raffigurato utilizzando materiali naturali. <strong data-start=\"699\" data-end=\"715\">stile marmo<\/strong> texture.<\/p>\n<p data-start=\"727\" data-end=\"858\">Ogni pezzo \u00e8 un'espressione magistrale di <strong data-start=\"767\" data-end=\"788\">Pietra dura<\/strong> intarsio, che cattura la bellezza eterea dei fiori, dell'acqua e del movimento.<\/p>\n<p data-start=\"860\" data-end=\"989\">\u00c8 il complemento perfetto per ville di lusso, palazzi, appartamenti di alto livello o hotel di design alla ricerca di un elemento murale unico.<\/p>\n<p><iframe loading=\"lazy\" title=\"Marmo intarsio sfondo muro Decor Lotus Design Pittura squisita Marmo intarsio sfondo muro\" width=\"1290\" height=\"726\" src=\"https:\/\/www.youtube.com\/embed\/oqryln1VKMs?feature=oembed\" frameborder=\"0\" allow=\"accelerometer; autoplay; clipboard-write; encrypted-media; gyroscope; picture-in-picture; web-share\" referrerpolicy=\"strict-origin-when-cross-origin\" allowfullscreen><\/iframe><\/p>\n<hr data-start=\"991\" data-end=\"994\" \/>\n<h2 data-start=\"996\" data-end=\"1056\">Un capolavoro della pietra dura nell'architettura moderna<\/h2>\n<p data-start=\"1058\" data-end=\"1164\">Questo <strong data-start=\"1063\" data-end=\"1090\">intarsio in marmo parete in pietra<\/strong> trasforma la tradizionale pittura floreale in un sofisticato mosaico di pietra.<\/p>\n<p data-start=\"1166\" data-end=\"1293\">Utilizzando una raffinata <strong data-start=\"1182\" data-end=\"1198\">intarsio<\/strong>riproduce le pennellate del lavaggio a inchiostro attraverso la texture e le sfumature del marmo naturale.<\/p>\n<p data-start=\"1295\" data-end=\"1442\">Riflette la profonda influenza di <strong data-start=\"1329\" data-end=\"1358\">arte e artigianato parchinkari<\/strong>dove delicate composizioni floreali sono state storicamente incastonate nelle superfici di pietra.<\/p>\n<p data-start=\"1444\" data-end=\"1590\">Fondendo l'eleganza spirituale dei fiori di loto con una lavorazione della pietra all'avanguardia, questo pannello eleva l'arte murale a lusso architettonico.<\/p>\n<hr data-start=\"1592\" data-end=\"1595\" \/>\n<h3 data-start=\"1597\" data-end=\"1648\">Una sofisticata miscela di materiali e tecniche<\/h3>\n<p data-start=\"1650\" data-end=\"1765\">Questo <strong data-start=\"1655\" data-end=\"1682\">Pannello da parete con intarsio in marmo<\/strong> viene creato attraverso una meticolosa <strong data-start=\"1713\" data-end=\"1727\">intarsio<\/strong> utilizzando pezzi di marmo pregiato tagliati a mano.<\/p>\n<p data-start=\"1767\" data-end=\"1866\">Ogni vena e petalo \u00e8 tagliato da diversi tipi di pietra per riflettere sottili gradazioni di tono e tonalit\u00e0.<\/p>\n<p data-start=\"1868\" data-end=\"1979\">Il contrasto tra i toni del grigio scuro, del bianco, del rosa blush, del beige e del blu crea un effetto visivo vivace ma tranquillo.<\/p>\n<p data-start=\"1981\" data-end=\"2128\">Tutti i materiali sono selezionati tra quelli di alta qualit\u00e0 <strong data-start=\"2026\" data-end=\"2042\">stile marmo<\/strong>tra cui il marmo nero pregiato, il bianco di Carrara, la giada chiara e la pietra calcarea beige tenue.<\/p>\n<p data-start=\"2130\" data-end=\"2233\">Non si tratta di un'immagine stampata, ma di un vero e proprio dipinto su pietra, realizzato con precisione e intenzione artistica.<\/p>\n<hr data-start=\"2235\" data-end=\"2238\" \/>\n<h2 data-start=\"2240\" data-end=\"2292\">Ideale per pareti televisive, ingressi e pannelli di corridoio<\/h2>\n<p data-start=\"2294\" data-end=\"2392\">Questo <strong data-start=\"2299\" data-end=\"2331\">parete di fondo con intarsio in marmo<\/strong> \u00e8 ideale come elemento di spicco dietro le lussuose configurazioni televisive delle ville.<\/p>\n<p data-start=\"2394\" data-end=\"2491\">Nelle aree di ingresso o nei foyer, crea un'impressione immediata di raffinatezza e spessore culturale.<\/p>\n<p data-start=\"2493\" data-end=\"2606\">Quando viene utilizzato come <strong data-start=\"2508\" data-end=\"2535\">intarsio in marmo parete in pietra<\/strong> nei corridoi, aggiunge ritmo e flusso artistico agli spazi di transizione.<\/p>\n<p data-start=\"2608\" data-end=\"2716\">Inoltre, esalta l'eleganza delle sale da pranzo, creando un ambiente tranquillo e sofisticato durante gli incontri.<\/p>\n<p data-start=\"2718\" data-end=\"2825\">L'opera parla con dolcezza, ma con forza, dei valori del patrimonio, della bellezza e dell'armonia nell'interior design.<\/p>\n<hr data-start=\"2827\" data-end=\"2830\" \/>\n<h3 data-start=\"2832\" data-end=\"2874\">Estetica Ink-Wash attraverso la lavorazione dell'intarsio<\/h3>\n<p data-start=\"2876\" data-end=\"2976\">Ispirato ai classici dipinti a inchiostro cinesi, il disegno del loto trasmette una poetica quiete e vitalit\u00e0.<\/p>\n<p data-start=\"2978\" data-end=\"3068\">L'uso di <strong data-start=\"2989\" data-end=\"3003\">intarsio<\/strong> raggiungere questo livello di dettaglio \u00e8 un segno di vera maestria.<\/p>\n<p data-start=\"3070\" data-end=\"3153\">Cattura lo spirito dell'acqua, dell'aria e della natura senza l'uso di pennelli o colori.<\/p>\n<p data-start=\"3155\" data-end=\"3258\">Ogni petalo, foglia e stelo scorre con un movimento che rispecchia la tradizionale tecnica della pennellata a mano libera.<\/p>\n<p data-start=\"3260\" data-end=\"3352\">La bellezza sta nell'illusione della spontaneit\u00e0, magistralmente pianificata ed eseguita con la pietra.<\/p>\n<hr data-start=\"3354\" data-end=\"3357\" \/>\n<h2 data-start=\"3359\" data-end=\"3400\">Il linguaggio del loto nell'arte e nello spazio<\/h2>\n<p data-start=\"3402\" data-end=\"3490\">I fiori di loto hanno un profondo significato simbolico nella cultura orientale: purezza, rinascita e saggezza.<\/p>\n<p data-start=\"3492\" data-end=\"3614\">Utilizzando <strong data-start=\"3501\" data-end=\"3522\">Pietra dura<\/strong> per rendere questi elementi simbolici, il pannello trasforma le idee spirituali in forma fisica.<\/p>\n<p data-start=\"3616\" data-end=\"3711\">Pi\u00f9 che una decorazione, diventa un oggetto contemplativo che arricchisce l'energia della stanza.<\/p>\n<p data-start=\"3713\" data-end=\"3828\">Questo simbolo <strong data-start=\"3727\" data-end=\"3754\">Pannello da parete con intarsio in marmo<\/strong> \u00e8 particolarmente significativo per ingressi, sale di meditazione o sale da t\u00e8.<\/p>\n<p data-start=\"3830\" data-end=\"3921\">Il design onora tranquillamente la tradizione e la presenta attraverso un mezzo moderno e lussuoso.<\/p>\n<hr data-start=\"3923\" data-end=\"3926\" \/>\n<h3 data-start=\"3928\" data-end=\"3979\">Combinare i colori naturali con il minimalismo moderno<\/h3>\n<p data-start=\"3981\" data-end=\"4079\">Questo pezzo mostra come <strong data-start=\"4006\" data-end=\"4022\">stile marmo<\/strong> possono portare la natura in casa in modo sottile e minimale.<\/p>\n<p data-start=\"4081\" data-end=\"4182\">Non vengono utilizzati coloranti o vernici artificiali: ogni tonalit\u00e0 viene creata grazie a pietre naturali accuratamente selezionate.<\/p>\n<p data-start=\"4184\" data-end=\"4279\">Il marmo rosa chiaro forma delicati fiori, mentre la pietra grigia morbida suggerisce ombre e contorni.<\/p>\n<p data-start=\"4281\" data-end=\"4371\">Lo sfondo \u00e8 solitamente realizzato in marmo color avorio chiaro o sabbia per imitare la carta di riso.<\/p>\n<p data-start=\"4373\" data-end=\"4465\">Questo crea la sensazione di un dipinto murale in pietra, raffinato, equilibrato ed eternamente fresco.<\/p>\n<hr data-start=\"4467\" data-end=\"4470\" \/>\n<h2 data-start=\"4472\" data-end=\"4514\">L'eredit\u00e0 dell'arte e dell'artigianato di Parchinkari<\/h2>\n<p data-start=\"4516\" data-end=\"4643\">Questo <strong data-start=\"4521\" data-end=\"4537\">intarsio<\/strong> \u00e8 radicata nell'antica arte del <strong data-start=\"4570\" data-end=\"4585\">parchinkari<\/strong>sviluppata in India e perfezionata nell'architettura Moghul.<\/p>\n<p data-start=\"4645\" data-end=\"4760\">Il parchinkari \u00e8 la tradizione di utilizzare pietre preziose e semipreziose per formare immagini pittoriche su superfici di pietra.<\/p>\n<p data-start=\"4762\" data-end=\"4882\">Sebbene tradizionalmente applicata a piani di tavoli, pavimenti e tombe, Stone Master ha modernizzato la forma per le superfici verticali.<\/p>\n<p data-start=\"4884\" data-end=\"5003\">Questo <strong data-start=\"4889\" data-end=\"4921\">parete di fondo con intarsio in marmo<\/strong> celebra questa eredit\u00e0 con un tema floreale cinese reso in forma contemporanea.<\/p>\n<p data-start=\"5005\" data-end=\"5110\">\u00c8 una conversazione tra culture: l'artigianato indiano, l'arte cinese e l'interior design globale.<\/p>\n<hr data-start=\"5112\" data-end=\"5115\" \/>\n<h3 data-start=\"5117\" data-end=\"5155\">Precisione tagliata a mano in ogni dettaglio<\/h3>\n<p data-start=\"5157\" data-end=\"5264\">Gli artigiani utilizzano il taglio a getto d'acqua e la rifinitura a mano per ottenere la precisione di ogni frammento di marmo.<\/p>\n<p data-start=\"5266\" data-end=\"5392\">I petali sono accuratamente curvati, le foglie sono sfumate con pietre graduate e le venature sono ricreate con sottili strisce di ottone o di pietra.<\/p>\n<p data-start=\"5394\" data-end=\"5500\">Il risultato \u00e8 un flusso continuo sulla superficie: nessun pezzo interrompe il movimento della composizione.<\/p>\n<p data-start=\"5502\" data-end=\"5612\">Tutti i componenti del <strong data-start=\"5524\" data-end=\"5538\">intarsio<\/strong> sono montati su un supporto rigido per un trasporto sicuro e una facile installazione.<\/p>\n<p data-start=\"5614\" data-end=\"5726\">La superficie finale viene lucidata o levigata, a seconda della finitura desiderata: opaca per l'eleganza, lucida per la vivacit\u00e0.<\/p>\n<hr data-start=\"5728\" data-end=\"5731\" \/>\n<h2 data-start=\"5733\" data-end=\"5774\">Applicazioni flessibili e dimensioni personalizzate<\/h2>\n<p data-start=\"5776\" data-end=\"5889\">Questo <strong data-start=\"5781\" data-end=\"5808\">Pannello da parete con intarsio in marmo<\/strong> \u00e8 molto versatile e pu\u00f2 essere installato come pezzo unico o come parte di un murale pi\u00f9 grande.<\/p>\n<p data-start=\"5891\" data-end=\"6003\">\u00c8 adatto per interni residenziali, hall di alberghi, ingressi di centri benessere, musei privati e vetrine di boutique.<\/p>\n<p data-start=\"6005\" data-end=\"6127\">Il design \u00e8 scalabile: possiamo adattare il disegno a pannelli di 600x1200 mm o a murales a tutta altezza di oltre 3 metri.<\/p>\n<p data-start=\"6129\" data-end=\"6238\">Stone Master offre servizi di personalizzazione completa per adattare i tipi di pietra, i colori, il layout o l'argomento.<\/p>\n<p data-start=\"6240\" data-end=\"6345\">Che si tratti di un singolo pannello floreale o di un pannello completo <strong data-start=\"6289\" data-end=\"6316\">intarsio in marmo parete in pietra<\/strong>, forniamo un lusso su misura.<\/p>\n<hr data-start=\"6347\" data-end=\"6350\" \/>\n<h3 data-start=\"6352\" data-end=\"6402\">Durevole, sostenibile e di facile manutenzione<\/h3>\n<p data-start=\"6404\" data-end=\"6492\">Il pannello \u00e8 realizzato interamente in pietra naturale: sostenibile, riciclabile e di lunga durata.<\/p>\n<p data-start=\"6494\" data-end=\"6592\">Stone Master utilizza imballaggi ecologici ed evita gli adesivi sintetici nella maggior parte delle fasi di produzione.<\/p>\n<p data-start=\"6594\" data-end=\"6687\">Il pannello \u00e8 facile da pulire e da manutenere; una pulizia periodica con un panno umido lo mantiene intatto.<\/p>\n<p data-start=\"6689\" data-end=\"6790\">A differenza della carta da parati o della vernice, non sbiadisce, non si scrosta e non si danneggia con l'umidit\u00e0 o gli sbalzi di temperatura.<\/p>\n<p data-start=\"6792\" data-end=\"6892\">Questo assicura che il vostro <strong data-start=\"6810\" data-end=\"6842\">parete di fondo con intarsio in marmo<\/strong> rimane un elemento di qualit\u00e0 della vostra casa.<\/p>\n<hr data-start=\"6894\" data-end=\"6897\" \/>\n<h2 data-start=\"6899\" data-end=\"6939\">Perch\u00e9 scegliere un pannello da parete con intarsio in marmo?<\/h2>\n<p data-start=\"6941\" data-end=\"7027\">\u00c8 pi\u00f9 di un pezzo decorativo: \u00e8 un'opera d'arte incastonata nell'architettura.<\/p>\n<p data-start=\"7029\" data-end=\"7136\">Il <strong data-start=\"7033\" data-end=\"7047\">intarsio<\/strong> trasforma la pietra naturale in pennellate, creando una dichiarazione d'interni unica nel suo genere.<\/p>\n<p data-start=\"7138\" data-end=\"7236\">Vi collega a secoli di artigianato mondiale, dal Taj Mahal ai dipinti della dinastia Song.<\/p>\n<p data-start=\"7238\" data-end=\"7317\">L'uso di <strong data-start=\"7249\" data-end=\"7270\">Pietra dura<\/strong> porta la bellezza naturale in spazi moderni e di lusso.<\/p>\n<p data-start=\"7319\" data-end=\"7425\">\u00c8 la scelta ideale per proprietari di case, architetti e designer d'interni che apprezzano l'arte e la durata.<\/p>\n<hr data-start=\"7427\" data-end=\"7430\" \/>\n<h3 data-start=\"7432\" data-end=\"7474\">Una dichiarazione di sofisticazione culturale<\/h3>\n<p data-start=\"7476\" data-end=\"7575\">Quando gli ospiti entrano in una casa con questo <strong data-start=\"7511\" data-end=\"7538\">intarsio in marmo parete in pietra<\/strong>, non vedono solo il lusso ma anche la profondit\u00e0.<\/p>\n<p data-start=\"7577\" data-end=\"7660\">Riflette l'apprezzamento per l'artigianato, per l'arte asiatica e per il design raro e significativo.<\/p>\n<p data-start=\"7662\" data-end=\"7763\">A differenza dei pannelli prodotti in serie, ogni pezzo \u00e8 realizzato a mano, progettato individualmente e in numero limitato.<\/p>\n<p data-start=\"7765\" data-end=\"7872\">Aggiunta di un <strong data-start=\"7774\" data-end=\"7806\">Parete di fondo con intarsio in marmo<\/strong> mostra un impegno verso un'estetica senza tempo e un'integrit\u00e0 artistica.<\/p>\n<p data-start=\"7874\" data-end=\"7953\">Aggiunge prestigio alla vostra propriet\u00e0 ed eleva ogni dettaglio interno intorno ad essa.<\/p>\n<hr data-start=\"7955\" data-end=\"7958\" \/>\n<h2 data-start=\"7960\" data-end=\"8014\">Conclusione: Dove la tradizione incontra l'arte architettonica<\/h2>\n<p data-start=\"8016\" data-end=\"8143\">Questo <strong data-start=\"8021\" data-end=\"8048\">Pannello da parete con intarsio in marmo<\/strong> \u00e8 la perfetta convergenza di pittura antica, materiale naturale e moderna tecnologia di intarsio.<\/p>\n<p data-start=\"8145\" data-end=\"8242\">Attraverso <strong data-start=\"8153\" data-end=\"8182\">arte e artigianato parchinkari<\/strong>Il pannello porta la narrazione e il simbolismo nella forma fisica.<\/p>\n<p data-start=\"8244\" data-end=\"8334\">Invita all'armonia, all'equilibrio e alla pace negli spazi in cui le persone vivono, si riuniscono e riflettono.<\/p>\n<p data-start=\"8336\" data-end=\"8470\">L'uso di <strong data-start=\"8347\" data-end=\"8363\">stile marmo<\/strong>, creativo <strong data-start=\"8374\" data-end=\"8390\">intarsio<\/strong>e esperto <strong data-start=\"8403\" data-end=\"8417\">intarsio<\/strong> garantisce un prodotto al tempo stesso poetico e pratico.<\/p>\n<p data-start=\"8472\" data-end=\"8580\">Stone Master \u00e8 orgoglioso di offrire questa parete a forma di loto come celebrazione dell'eredit\u00e0 artistica e del lusso futuro.<\/p>","protected":false},"excerpt":{"rendered":"<p><strong>Numero di articolo: <\/strong>WA4G012<\/p>\n<p><strong>Materiale:<\/strong>\u00a0Mable, pietra preziosa. (il materiale del pannello a parete con intarsio in marmo pu\u00f2 essere personalizzato)<\/p>\n<p><strong>Dimensioni:<\/strong>\u00a0Dimensioni su misura di qualsiasi decorazione murale in marmo intarsiato<\/p>\n<p><strong>Design:<\/strong>\u00a0Intarsi in marmo standard o personalizzati<\/p>\n<p><strong>Applicazione:<\/strong>\u00a0Ville e case di lusso, hotel e resort, spazi commerciali,<\/p>\n<p>Soggiorno, Pannello a parete in evidenza, Decorazioni murali, Arte murale a intarsio, Arte murale in pietra,<\/p>\n<p>Spazi pubblici, ingressi e foyer, club di alto livello e club privati,<\/p>\n<p>Showroom e spazi espositivi, boutique, musei, chiese, moschee, ecc.<\/p>","protected":false},"featured_media":2261,"template":"","meta":{"_joinchat":[]},"product_brand":[],"product_cat":[22],"product_tag":[],"class_list":{"0":"post-2260","1":"product","2":"type-product","3":"status-publish","4":"has-post-thumbnail","6":"product_cat-marble-inlay-wall-decor","8":"first","9":"instock","10":"shipping-taxable","11":"product-type-simple"},"_links":{"self":[{"href":"https:\/\/www.smmarbleinlay.com\/it\/wp-json\/wp\/v2\/product\/2260","targetHints":{"allow":["GET"]}}],"collection":[{"href":"https:\/\/www.smmarbleinlay.com\/it\/wp-json\/wp\/v2\/product"}],"about":[{"href":"https:\/\/www.smmarbleinlay.com\/it\/wp-json\/wp\/v2\/types\/product"}],"wp:featuredmedia":[{"embeddable":true,"href":"https:\/\/www.smmarbleinlay.com\/it\/wp-json\/wp\/v2\/media\/2261"}],"wp:attachment":[{"href":"https:\/\/www.smmarbleinlay.com\/it\/wp-json\/wp\/v2\/media?parent=2260"}],"wp:term":[{"taxonomy":"product_brand","embeddable":true,"href":"https:\/\/www.smmarbleinlay.com\/it\/wp-json\/wp\/v2\/product_brand?post=2260"},{"taxonomy":"product_cat","embeddable":true,"href":"https:\/\/www.smmarbleinlay.com\/it\/wp-json\/wp\/v2\/product_cat?post=2260"},{"taxonomy":"product_tag","embeddable":true,"href":"https:\/\/www.smmarbleinlay.com\/it\/wp-json\/wp\/v2\/product_tag?post=2260"}],"curies":[{"name":"wp","href":"https:\/\/api.w.org\/{rel}","templated":true}]}}